{"id":803747,"date":"2025-07-08T19:30:35","date_gmt":"2025-07-08T16:30:35","guid":{"rendered":"https:\/\/www.onpoint.ee\/?post_type=product&#038;p=803747"},"modified":"2025-12-17T10:47:05","modified_gmt":"2025-12-17T08:47:05","slug":"onpoint-office-basic-2","status":"publish","type":"product","link":"https:\/\/www.onpoint.ee\/en\/toode\/onpoint-office-basic-2\/","title":{"rendered":"onPoint Office Basic"},"content":{"rendered":"<h3 class=\"wp-block-heading\"><strong>onPoint Office Basic \u2013 vaikne ja t\u00f6\u00f6kindel kontoriarvuti<\/strong><\/h3><p><strong>onPoint Office Basic<\/strong> on usaldusv\u00e4\u00e4rne ja vaikne t\u00f6\u00f6jaam, mis on loodud just igap\u00e4evaste kontori\u00fclesannete jaoks. Sobib suurep\u00e4raselt dokumentide ja tabelitega t\u00f6\u00f6tamiseks, veebikoosolekuteks, e-kirjade haldamiseks ning muuks tavap\u00e4raseks t\u00f6\u00f6ks \u2013 nii kodukontoris kui b\u00fcroos.<\/p><p>Arvuti p\u00f5hineb <strong>kuue tuumaga Ryzen 5 5600GT protsessoril<\/strong>, millel on piisavalt j\u00f5udlust, et hoida t\u00f6\u00f6voog sujuvana ka mitme rakenduse korraga kasutamisel. <strong>16 GB DDR4 m\u00e4lu (2x8GB)<\/strong> v\u00f5imaldab mugavat multitasking\u2019ut ja <strong>250 GB NVMe SSD<\/strong> tagab kiire andmete ligip\u00e4\u00e4su ning s\u00fcsteemi k\u00e4ivitumise.<\/p><p><strong>Standardvarustuses on<\/strong>:<\/p><ul class=\"wp-block-list\"><li><strong>WIFI ja Bluetooth<\/strong> \u2013 mugavaks \u00fchenduvuseks<\/li>\n\n<li><strong>Windows 11 Pro<\/strong> \u2013 turvaliseks ja t\u00f5husaks t\u00f6\u00f6ks<\/li>\n\n<li><strong>RGB-vaba, kinnine korpus<\/strong> \u2013 sobib igasse t\u00f6\u00f6keskkonda<\/li>\n\n<li><strong>Vaikne jahutus<\/strong> \u2013 t\u00e4nu l\u00e4bim\u00f5eldud komponendi- ja korpuselahendusele<\/li><\/ul><p>Nagu k\u00f5ik onPoint lauaarvutid, on ka need <strong>kokku pandud ja testitud meie enda tiimi poolt<\/strong>. Arvuti on <strong>lihtsasti uuendatav<\/strong>, et vajadusel lisada rohkem salvestusruumi v\u00f5i m\u00e4lu.<\/p><p>Otsid midagi muud? Tutvu meie t\u00f6\u00f6jaamade ja lauaarvutite valikuga <a href=\"https:\/\/www.onpoint.ee\/toojaamad\/\">siin<\/a><\/p>","protected":false},"excerpt":{"rendered":"<p>Ryzen 5 5600GT 16GB (2&#215;8) DDR4 250GB NVMe WIFI Windows 11 pro<\/p>\n","protected":false},"featured_media":803748,"template":"","meta":{"_acf_changed":false,"inline_featured_image":false,"iawp_total_views":8},"product_brand":[8759],"product_cat":[8758],"product_tag":[],"class_list":{"0":"post-803747","1":"product","2":"type-product","3":"status-publish","4":"has-post-thumbnail","6":"product_brand-onpoint","7":"product_cat-toojaamad","9":"first","10":"instock","11":"taxable","12":"shipping-taxable","13":"purchasable","14":"product-type-simple"},"composite_virtual":false,"composite_layout":"","composite_add_to_cart_form_location":"","composite_editable_in_cart":false,"composite_sold_individually_context":"","composite_shop_price_calc":"","composite_components":[],"composite_scenarios":[],"acf":[],"yoast_head":"<!-- This site is optimized with the Yoast SEO plugin v25.1 - https:\/\/yoast.com\/wordpress\/plugins\/seo\/ -->\n<title>onPoint Office Basic - onPoint<\/title>\n<meta name=\"description\" content=\"Kompaktne ja vaikne onPoint Office Basic t\u00f6\u00f6jaam lihtsateks kontoritoiminguteks ja igap\u00e4evaseks kasutuseks. Kvaliteetne sisu soodsa hinnaga.\" \/>\n<meta name=\"robots\" content=\"index, follow, max-snippet:-1, max-image-preview:large, max-video-preview:-1\" \/>\n<link rel=\"canonical\" href=\"https:\/\/www.onpoint.ee\/en\/toode\/onpoint-office-basic-2\/\" \/>\n<meta property=\"og:locale\" content=\"en_US\" \/>\n<meta property=\"og:type\" content=\"article\" \/>\n<meta property=\"og:title\" content=\"onPoint Office Basic - onPoint\" \/>\n<meta property=\"og:description\" content=\"Kompaktne ja vaikne onPoint Office Basic t\u00f6\u00f6jaam lihtsateks kontoritoiminguteks ja igap\u00e4evaseks kasutuseks. Kvaliteetne sisu soodsa hinnaga.\" \/>\n<meta property=\"og:url\" content=\"https:\/\/www.onpoint.ee\/en\/toode\/onpoint-office-basic-2\/\" \/>\n<meta property=\"og:site_name\" content=\"onPoint\" \/>\n<meta property=\"article:modified_time\" content=\"2025-12-17T08:47:05+00:00\" \/>\n<meta property=\"og:image\" content=\"https:\/\/www.onpoint.ee\/wp-content\/uploads\/2025\/07\/Office-Basic.png\" \/>\n\t<meta property=\"og:image:width\" content=\"1299\" \/>\n\t<meta property=\"og:image:height\" content=\"1298\" \/>\n\t<meta property=\"og:image:type\" content=\"image\/png\" \/>\n<meta name=\"twitter:card\" content=\"summary_large_image\" \/>\n<meta name=\"twitter:label1\" content=\"Est. reading time\" \/>\n\t<meta name=\"twitter:data1\" content=\"1 minute\" \/>\n<script type=\"application\/ld+json\" class=\"yoast-schema-graph\">{\"@context\":\"https:\/\/schema.org\",\"@graph\":[{\"@type\":[\"WebPage\",\"ItemPage\"],\"@id\":\"https:\/\/www.onpoint.ee\/en\/toode\/onpoint-office-basic-2\/\",\"url\":\"https:\/\/www.onpoint.ee\/en\/toode\/onpoint-office-basic-2\/\",\"name\":\"onPoint Office Basic - onPoint\",\"isPartOf\":{\"@id\":\"https:\/\/www.onpoint.ee\/en\/#website\"},\"primaryImageOfPage\":{\"@id\":\"https:\/\/www.onpoint.ee\/en\/toode\/onpoint-office-basic-2\/#primaryimage\"},\"image\":{\"@id\":\"https:\/\/www.onpoint.ee\/en\/toode\/onpoint-office-basic-2\/#primaryimage\"},\"thumbnailUrl\":\"https:\/\/www.onpoint.ee\/wp-content\/uploads\/2025\/07\/Office-Basic.png\",\"datePublished\":\"2025-07-08T16:30:35+00:00\",\"dateModified\":\"2025-12-17T08:47:05+00:00\",\"description\":\"Kompaktne ja vaikne onPoint Office Basic t\u00f6\u00f6jaam lihtsateks kontoritoiminguteks ja igap\u00e4evaseks kasutuseks. Kvaliteetne sisu soodsa hinnaga.\",\"breadcrumb\":{\"@id\":\"https:\/\/www.onpoint.ee\/en\/toode\/onpoint-office-basic-2\/#breadcrumb\"},\"inLanguage\":\"en-US\",\"potentialAction\":[{\"@type\":\"ReadAction\",\"target\":[\"https:\/\/www.onpoint.ee\/en\/toode\/onpoint-office-basic-2\/\"]}]},{\"@type\":\"ImageObject\",\"inLanguage\":\"en-US\",\"@id\":\"https:\/\/www.onpoint.ee\/en\/toode\/onpoint-office-basic-2\/#primaryimage\",\"url\":\"https:\/\/www.onpoint.ee\/wp-content\/uploads\/2025\/07\/Office-Basic.png\",\"contentUrl\":\"https:\/\/www.onpoint.ee\/wp-content\/uploads\/2025\/07\/Office-Basic.png\",\"width\":1299,\"height\":1298,\"caption\":\"onPoint Office Basic\"},{\"@type\":\"BreadcrumbList\",\"@id\":\"https:\/\/www.onpoint.ee\/en\/toode\/onpoint-office-basic-2\/#breadcrumb\",\"itemListElement\":[{\"@type\":\"ListItem\",\"position\":1,\"name\":\"Home\",\"item\":\"https:\/\/www.onpoint.ee\/en\/\"},{\"@type\":\"ListItem\",\"position\":2,\"name\":\"Pood\",\"item\":\"https:\/\/www.onpoint.ee\/pood\/\"},{\"@type\":\"ListItem\",\"position\":3,\"name\":\"onPoint Office Basic\"}]},{\"@type\":\"WebSite\",\"@id\":\"https:\/\/www.onpoint.ee\/en\/#website\",\"url\":\"https:\/\/www.onpoint.ee\/en\/\",\"name\":\"onPoint\",\"description\":\"M\u00e4nguarvutid\",\"publisher\":{\"@id\":\"https:\/\/www.onpoint.ee\/en\/#organization\"},\"potentialAction\":[{\"@type\":\"SearchAction\",\"target\":{\"@type\":\"EntryPoint\",\"urlTemplate\":\"https:\/\/www.onpoint.ee\/en\/?s={search_term_string}\"},\"query-input\":{\"@type\":\"PropertyValueSpecification\",\"valueRequired\":true,\"valueName\":\"search_term_string\"}}],\"inLanguage\":\"en-US\"},{\"@type\":\"Organization\",\"@id\":\"https:\/\/www.onpoint.ee\/en\/#organization\",\"name\":\"onPoint\",\"url\":\"https:\/\/www.onpoint.ee\/en\/\",\"logo\":{\"@type\":\"ImageObject\",\"inLanguage\":\"en-US\",\"@id\":\"https:\/\/www.onpoint.ee\/en\/#\/schema\/logo\/image\/\",\"url\":\"https:\/\/www.onpoint.ee\/wp-content\/uploads\/2020\/12\/onpoint.svg\",\"contentUrl\":\"https:\/\/www.onpoint.ee\/wp-content\/uploads\/2020\/12\/onpoint.svg\",\"width\":2464,\"height\":906,\"caption\":\"onPoint\"},\"image\":{\"@id\":\"https:\/\/www.onpoint.ee\/en\/#\/schema\/logo\/image\/\"}}]}<\/script>\n<!-- \/ Yoast SEO plugin. -->","yoast_head_json":{"title":"onPoint Office Basic - onPoint","description":"Kompaktne ja vaikne onPoint Office Basic t\u00f6\u00f6jaam lihtsateks kontoritoiminguteks ja igap\u00e4evaseks kasutuseks. Kvaliteetne sisu soodsa hinnaga.","robots":{"index":"index","follow":"follow","max-snippet":"max-snippet:-1","max-image-preview":"max-image-preview:large","max-video-preview":"max-video-preview:-1"},"canonical":"https:\/\/www.onpoint.ee\/en\/toode\/onpoint-office-basic-2\/","og_locale":"en_US","og_type":"article","og_title":"onPoint Office Basic - onPoint","og_description":"Kompaktne ja vaikne onPoint Office Basic t\u00f6\u00f6jaam lihtsateks kontoritoiminguteks ja igap\u00e4evaseks kasutuseks. Kvaliteetne sisu soodsa hinnaga.","og_url":"https:\/\/www.onpoint.ee\/en\/toode\/onpoint-office-basic-2\/","og_site_name":"onPoint","article_modified_time":"2025-12-17T08:47:05+00:00","og_image":[{"width":1299,"height":1298,"url":"https:\/\/www.onpoint.ee\/wp-content\/uploads\/2025\/07\/Office-Basic.png","type":"image\/png"}],"twitter_card":"summary_large_image","twitter_misc":{"Est. reading time":"1 minute"},"schema":{"@context":"https:\/\/schema.org","@graph":[{"@type":["WebPage","ItemPage"],"@id":"https:\/\/www.onpoint.ee\/en\/toode\/onpoint-office-basic-2\/","url":"https:\/\/www.onpoint.ee\/en\/toode\/onpoint-office-basic-2\/","name":"onPoint Office Basic - onPoint","isPartOf":{"@id":"https:\/\/www.onpoint.ee\/en\/#website"},"primaryImageOfPage":{"@id":"https:\/\/www.onpoint.ee\/en\/toode\/onpoint-office-basic-2\/#primaryimage"},"image":{"@id":"https:\/\/www.onpoint.ee\/en\/toode\/onpoint-office-basic-2\/#primaryimage"},"thumbnailUrl":"https:\/\/www.onpoint.ee\/wp-content\/uploads\/2025\/07\/Office-Basic.png","datePublished":"2025-07-08T16:30:35+00:00","dateModified":"2025-12-17T08:47:05+00:00","description":"Kompaktne ja vaikne onPoint Office Basic t\u00f6\u00f6jaam lihtsateks kontoritoiminguteks ja igap\u00e4evaseks kasutuseks. Kvaliteetne sisu soodsa hinnaga.","breadcrumb":{"@id":"https:\/\/www.onpoint.ee\/en\/toode\/onpoint-office-basic-2\/#breadcrumb"},"inLanguage":"en-US","potentialAction":[{"@type":"ReadAction","target":["https:\/\/www.onpoint.ee\/en\/toode\/onpoint-office-basic-2\/"]}]},{"@type":"ImageObject","inLanguage":"en-US","@id":"https:\/\/www.onpoint.ee\/en\/toode\/onpoint-office-basic-2\/#primaryimage","url":"https:\/\/www.onpoint.ee\/wp-content\/uploads\/2025\/07\/Office-Basic.png","contentUrl":"https:\/\/www.onpoint.ee\/wp-content\/uploads\/2025\/07\/Office-Basic.png","width":1299,"height":1298,"caption":"onPoint Office Basic"},{"@type":"BreadcrumbList","@id":"https:\/\/www.onpoint.ee\/en\/toode\/onpoint-office-basic-2\/#breadcrumb","itemListElement":[{"@type":"ListItem","position":1,"name":"Home","item":"https:\/\/www.onpoint.ee\/en\/"},{"@type":"ListItem","position":2,"name":"Pood","item":"https:\/\/www.onpoint.ee\/pood\/"},{"@type":"ListItem","position":3,"name":"onPoint Office Basic"}]},{"@type":"WebSite","@id":"https:\/\/www.onpoint.ee\/en\/#website","url":"https:\/\/www.onpoint.ee\/en\/","name":"onPoint","description":"M\u00e4nguarvutid","publisher":{"@id":"https:\/\/www.onpoint.ee\/en\/#organization"},"potentialAction":[{"@type":"SearchAction","target":{"@type":"EntryPoint","urlTemplate":"https:\/\/www.onpoint.ee\/en\/?s={search_term_string}"},"query-input":{"@type":"PropertyValueSpecification","valueRequired":true,"valueName":"search_term_string"}}],"inLanguage":"en-US"},{"@type":"Organization","@id":"https:\/\/www.onpoint.ee\/en\/#organization","name":"onPoint","url":"https:\/\/www.onpoint.ee\/en\/","logo":{"@type":"ImageObject","inLanguage":"en-US","@id":"https:\/\/www.onpoint.ee\/en\/#\/schema\/logo\/image\/","url":"https:\/\/www.onpoint.ee\/wp-content\/uploads\/2020\/12\/onpoint.svg","contentUrl":"https:\/\/www.onpoint.ee\/wp-content\/uploads\/2020\/12\/onpoint.svg","width":2464,"height":906,"caption":"onPoint"},"image":{"@id":"https:\/\/www.onpoint.ee\/en\/#\/schema\/logo\/image\/"}}]}},"_links":{"self":[{"href":"https:\/\/www.onpoint.ee\/en\/wp-json\/wp\/v2\/product\/803747","targetHints":{"allow":["GET"]}}],"collection":[{"href":"https:\/\/www.onpoint.ee\/en\/wp-json\/wp\/v2\/product"}],"about":[{"href":"https:\/\/www.onpoint.ee\/en\/wp-json\/wp\/v2\/types\/product"}],"version-history":[{"count":0,"href":"https:\/\/www.onpoint.ee\/en\/wp-json\/wp\/v2\/product\/803747\/revisions"}],"wp:featuredmedia":[{"embeddable":true,"href":"https:\/\/www.onpoint.ee\/en\/wp-json\/wp\/v2\/media\/803748"}],"wp:attachment":[{"href":"https:\/\/www.onpoint.ee\/en\/wp-json\/wp\/v2\/media?parent=803747"}],"wp:term":[{"taxonomy":"product_brand","embeddable":true,"href":"https:\/\/www.onpoint.ee\/en\/wp-json\/wp\/v2\/product_brand?post=803747"},{"taxonomy":"product_cat","embeddable":true,"href":"https:\/\/www.onpoint.ee\/en\/wp-json\/wp\/v2\/product_cat?post=803747"},{"taxonomy":"product_tag","embeddable":true,"href":"https:\/\/www.onpoint.ee\/en\/wp-json\/wp\/v2\/product_tag?post=803747"}],"curies":[{"name":"wp","href":"https:\/\/api.w.org\/{rel}","templated":true}]}}