{"id":800435,"date":"2025-04-17T20:16:04","date_gmt":"2025-04-17T17:16:04","guid":{"rendered":"https:\/\/www.onpoint.ee\/?post_type=product&#038;p=800435"},"modified":"2026-01-05T23:59:28","modified_gmt":"2026-01-05T21:59:28","slug":"onpoint-redx-amd-ryzen-7-7600x3d-64gb_ddr5-1tb_nvme-rx9070_16g-wifi","status":"publish","type":"product","link":"https:\/\/www.onpoint.ee\/en\/toode\/onpoint-redx-amd-ryzen-7-7600x3d-64gb_ddr5-1tb_nvme-rx9070_16g-wifi\/","title":{"rendered":"onPoint Redx Ryzen 7 7600X3D M\u00e4nguarvuti"},"content":{"rendered":"<p><strong>onPoint Redx Ryzen 7 7600X3D M\u00e4nguarvuti \u2013 kompromissitu j\u00f5udlus t\u00f5elistele gamer\u2019itele<\/strong><\/p><p><strong>64GB DDR5, 1TB NVMe, Radeon RX9070_16G WIFI<\/strong><\/p><p>Avasta uus tase m\u00e4nguelamustes onPoint <strong>Redx<\/strong> seeria v\u00f5imsaimate <strong>AMD<\/strong> lahendustega. Varustatud \u00fclikiire <strong>AMD Ryzen 7 7600X3D<\/strong> protsessoriga, <strong>64GB DDR5<\/strong> muutm\u00e4lu ja v\u00e4lkkiire <strong>1TB NVMe SSD-ga<\/strong>, pakub see m\u00e4nguriarvuti erakordset j\u00f5udlust ka k\u00f5ige n\u00f5udlikumates m\u00e4ngudes ja t\u00f6\u00f6voogudes. See k\u00f5ik tuleb hea jahutusega <a href=\"https:\/\/www.fractal-design.com\/products\/cases\/pop\/pop-air\/rgb-black-tg-clear\/\">Fractal Design POP Air<\/a> korpuses.<\/p><p>Graafikat juhib uusim <strong>Radeon RX 9070 16GB<\/strong> graafikakaart, mis tagab sujuva m\u00e4ngimise ka k\u00f5rgema resulutsiooniga, k\u00f5rge FPS-i ja realistliku visuaalse kogemuse. Integreeritud <strong>WIFI<\/strong> tugi v\u00f5imaldab kiiret ja stabiilset \u00fchendust igas olukorras \u2013 olgu tegemist v\u00f5istlusliku online-m\u00e4ngu v\u00f5i voogedastusega.<\/p><p><strong><strong>onPoint Redx Ryzen 7 7600X3D<\/strong><\/strong> <strong>m\u00e4nguarvuti<\/strong> on loodud Eesti m\u00e4ngurite vajadusi silmas pidades \u2013 kompromissitu, tulevikukindel ja valmis igaks v\u00e4ljakutseks.<\/p><p>K\u00f5ik <strong>onPoint<\/strong> m\u00e4nguarvutid l\u00e4bivad peale komplekteerimist p\u00f5hjaliku kvaliteedikontrolli, et tagada stabiilne t\u00f6\u00f6 ja maksimaalne usaldusv\u00e4\u00e4rsus juba esimesest k\u00e4ivitusest. Me kasutame alati<strong> kvaliteetseid komponente<\/strong> \u2013 olgu selleks toiteplokk, emaplaat v\u00f5i jahutuslahendus \u2013, et v\u00e4hendada v\u00f5imalikke tulevikumuresid ja pakkuda pikemaealist vastupidavust. Lisaks on <\/p><p>\u2705 Ideaalne 1440p ja 4K m\u00e4ngimiseks<br>\u2705 Suurep\u00e4rane valik e-sportlastele ja sisuloojatele<br>\u2705 Uusim DDR5 ja PCIe 5.0 tugi<br>\u2705 Stiilne ja jahutusele optimeeritud korpus<\/p><p><a href=\"https:\/\/www.onpoint.ee\/tootekategooria\/manguarvutid\/manguri-lauaarvutid\/\">Vaata ka meie teisi M\u00e4nguarvuteid<\/a><\/p><p><\/p>","protected":false},"excerpt":{"rendered":"<p>Ryzen 7 7600x<\/p>\n<p>64GB (2&#215;32) DDR5<\/p>\n<p>1TB NVMe<\/p>\n<p>AMD RX9070 16GB<\/p>\n","protected":false},"featured_media":803741,"template":"","meta":{"_acf_changed":false,"inline_featured_image":false,"iawp_total_views":97},"product_brand":[],"product_cat":[2864],"product_tag":[],"class_list":{"0":"post-800435","1":"product","2":"type-product","3":"status-publish","4":"has-post-thumbnail","6":"product_cat-manguri-lauaarvutid","8":"first","9":"instock","10":"taxable","11":"shipping-taxable","12":"purchasable","13":"product-type-simple"},"composite_virtual":false,"composite_layout":"","composite_add_to_cart_form_location":"","composite_editable_in_cart":false,"composite_sold_individually_context":"","composite_shop_price_calc":"","composite_components":[],"composite_scenarios":[],"acf":[],"yoast_head":"<!-- This site is optimized with the Yoast SEO plugin v25.1 - https:\/\/yoast.com\/wordpress\/plugins\/seo\/ -->\n<title>onPoint Redx Ryzen 7 7600X3D M\u00e4nguarvuti - onPoint<\/title>\n<meta name=\"description\" content=\"onPoint Redx AMD Ryzen 7 7600X3D m\u00e4nguarvuti \u2013 \u00fclikiire 64GB DDR5, RX 9070 16GB, 1TB NVMe SSD ja kvaliteetne tulevikukindel ehitus.\" \/>\n<meta name=\"robots\" content=\"index, follow, max-snippet:-1, max-image-preview:large, max-video-preview:-1\" \/>\n<link rel=\"canonical\" href=\"https:\/\/www.onpoint.ee\/en\/toode\/onpoint-redx-amd-ryzen-7-7600x3d-64gb_ddr5-1tb_nvme-rx9070_16g-wifi\/\" \/>\n<meta property=\"og:locale\" content=\"en_US\" \/>\n<meta property=\"og:type\" content=\"article\" \/>\n<meta property=\"og:title\" content=\"onPoint Redx Ryzen 7 7600X3D M\u00e4nguarvuti - onPoint\" \/>\n<meta property=\"og:description\" content=\"onPoint Redx AMD Ryzen 7 7600X3D m\u00e4nguarvuti \u2013 \u00fclikiire 64GB DDR5, RX 9070 16GB, 1TB NVMe SSD ja kvaliteetne tulevikukindel ehitus.\" \/>\n<meta property=\"og:url\" content=\"https:\/\/www.onpoint.ee\/en\/toode\/onpoint-redx-amd-ryzen-7-7600x3d-64gb_ddr5-1tb_nvme-rx9070_16g-wifi\/\" \/>\n<meta property=\"og:site_name\" content=\"onPoint\" \/>\n<meta property=\"article:modified_time\" content=\"2026-01-05T21:59:28+00:00\" \/>\n<meta property=\"og:image\" content=\"https:\/\/www.onpoint.ee\/wp-content\/uploads\/2025\/04\/Redx-7600X3D-e1751824415612-1024x760.png\" \/>\n\t<meta property=\"og:image:width\" content=\"1024\" \/>\n\t<meta property=\"og:image:height\" content=\"760\" \/>\n\t<meta property=\"og:image:type\" content=\"image\/png\" \/>\n<meta name=\"twitter:card\" content=\"summary_large_image\" \/>\n<meta name=\"twitter:label1\" content=\"Est. reading time\" \/>\n\t<meta name=\"twitter:data1\" content=\"1 minute\" \/>\n<script type=\"application\/ld+json\" class=\"yoast-schema-graph\">{\"@context\":\"https:\/\/schema.org\",\"@graph\":[{\"@type\":[\"WebPage\",\"ItemPage\"],\"@id\":\"https:\/\/www.onpoint.ee\/en\/toode\/onpoint-redx-amd-ryzen-7-7600x3d-64gb_ddr5-1tb_nvme-rx9070_16g-wifi\/\",\"url\":\"https:\/\/www.onpoint.ee\/en\/toode\/onpoint-redx-amd-ryzen-7-7600x3d-64gb_ddr5-1tb_nvme-rx9070_16g-wifi\/\",\"name\":\"onPoint Redx Ryzen 7 7600X3D M\u00e4nguarvuti - onPoint\",\"isPartOf\":{\"@id\":\"https:\/\/www.onpoint.ee\/en\/#website\"},\"primaryImageOfPage\":{\"@id\":\"https:\/\/www.onpoint.ee\/en\/toode\/onpoint-redx-amd-ryzen-7-7600x3d-64gb_ddr5-1tb_nvme-rx9070_16g-wifi\/#primaryimage\"},\"image\":{\"@id\":\"https:\/\/www.onpoint.ee\/en\/toode\/onpoint-redx-amd-ryzen-7-7600x3d-64gb_ddr5-1tb_nvme-rx9070_16g-wifi\/#primaryimage\"},\"thumbnailUrl\":\"https:\/\/www.onpoint.ee\/wp-content\/uploads\/2025\/04\/Redx-7600X3D-e1751824415612.png\",\"datePublished\":\"2025-04-17T17:16:04+00:00\",\"dateModified\":\"2026-01-05T21:59:28+00:00\",\"description\":\"onPoint Redx AMD Ryzen 7 7600X3D m\u00e4nguarvuti \u2013 \u00fclikiire 64GB DDR5, RX 9070 16GB, 1TB NVMe SSD ja kvaliteetne tulevikukindel ehitus.\",\"breadcrumb\":{\"@id\":\"https:\/\/www.onpoint.ee\/en\/toode\/onpoint-redx-amd-ryzen-7-7600x3d-64gb_ddr5-1tb_nvme-rx9070_16g-wifi\/#breadcrumb\"},\"inLanguage\":\"en-US\",\"potentialAction\":[{\"@type\":\"ReadAction\",\"target\":[\"https:\/\/www.onpoint.ee\/en\/toode\/onpoint-redx-amd-ryzen-7-7600x3d-64gb_ddr5-1tb_nvme-rx9070_16g-wifi\/\"]}]},{\"@type\":\"ImageObject\",\"inLanguage\":\"en-US\",\"@id\":\"https:\/\/www.onpoint.ee\/en\/toode\/onpoint-redx-amd-ryzen-7-7600x3d-64gb_ddr5-1tb_nvme-rx9070_16g-wifi\/#primaryimage\",\"url\":\"https:\/\/www.onpoint.ee\/wp-content\/uploads\/2025\/04\/Redx-7600X3D-e1751824415612.png\",\"contentUrl\":\"https:\/\/www.onpoint.ee\/wp-content\/uploads\/2025\/04\/Redx-7600X3D-e1751824415612.png\",\"width\":1410,\"height\":1046,\"caption\":\"onPoint Redx Ryzen 7 7600X3D M\u00e4nguarvuti\"},{\"@type\":\"BreadcrumbList\",\"@id\":\"https:\/\/www.onpoint.ee\/en\/toode\/onpoint-redx-amd-ryzen-7-7600x3d-64gb_ddr5-1tb_nvme-rx9070_16g-wifi\/#breadcrumb\",\"itemListElement\":[{\"@type\":\"ListItem\",\"position\":1,\"name\":\"Home\",\"item\":\"https:\/\/www.onpoint.ee\/en\/\"},{\"@type\":\"ListItem\",\"position\":2,\"name\":\"Pood\",\"item\":\"https:\/\/www.onpoint.ee\/pood\/\"},{\"@type\":\"ListItem\",\"position\":3,\"name\":\"onPoint Redx Ryzen 7 7600X3D M\u00e4nguarvuti\"}]},{\"@type\":\"WebSite\",\"@id\":\"https:\/\/www.onpoint.ee\/en\/#website\",\"url\":\"https:\/\/www.onpoint.ee\/en\/\",\"name\":\"onPoint\",\"description\":\"M\u00e4nguarvutid\",\"publisher\":{\"@id\":\"https:\/\/www.onpoint.ee\/en\/#organization\"},\"potentialAction\":[{\"@type\":\"SearchAction\",\"target\":{\"@type\":\"EntryPoint\",\"urlTemplate\":\"https:\/\/www.onpoint.ee\/en\/?s={search_term_string}\"},\"query-input\":{\"@type\":\"PropertyValueSpecification\",\"valueRequired\":true,\"valueName\":\"search_term_string\"}}],\"inLanguage\":\"en-US\"},{\"@type\":\"Organization\",\"@id\":\"https:\/\/www.onpoint.ee\/en\/#organization\",\"name\":\"onPoint\",\"url\":\"https:\/\/www.onpoint.ee\/en\/\",\"logo\":{\"@type\":\"ImageObject\",\"inLanguage\":\"en-US\",\"@id\":\"https:\/\/www.onpoint.ee\/en\/#\/schema\/logo\/image\/\",\"url\":\"https:\/\/www.onpoint.ee\/wp-content\/uploads\/2020\/12\/onpoint.svg\",\"contentUrl\":\"https:\/\/www.onpoint.ee\/wp-content\/uploads\/2020\/12\/onpoint.svg\",\"width\":2464,\"height\":906,\"caption\":\"onPoint\"},\"image\":{\"@id\":\"https:\/\/www.onpoint.ee\/en\/#\/schema\/logo\/image\/\"}}]}<\/script>\n<!-- \/ Yoast SEO plugin. -->","yoast_head_json":{"title":"onPoint Redx Ryzen 7 7600X3D M\u00e4nguarvuti - onPoint","description":"onPoint Redx AMD Ryzen 7 7600X3D m\u00e4nguarvuti \u2013 \u00fclikiire 64GB DDR5, RX 9070 16GB, 1TB NVMe SSD ja kvaliteetne tulevikukindel ehitus.","robots":{"index":"index","follow":"follow","max-snippet":"max-snippet:-1","max-image-preview":"max-image-preview:large","max-video-preview":"max-video-preview:-1"},"canonical":"https:\/\/www.onpoint.ee\/en\/toode\/onpoint-redx-amd-ryzen-7-7600x3d-64gb_ddr5-1tb_nvme-rx9070_16g-wifi\/","og_locale":"en_US","og_type":"article","og_title":"onPoint Redx Ryzen 7 7600X3D M\u00e4nguarvuti - onPoint","og_description":"onPoint Redx AMD Ryzen 7 7600X3D m\u00e4nguarvuti \u2013 \u00fclikiire 64GB DDR5, RX 9070 16GB, 1TB NVMe SSD ja kvaliteetne tulevikukindel ehitus.","og_url":"https:\/\/www.onpoint.ee\/en\/toode\/onpoint-redx-amd-ryzen-7-7600x3d-64gb_ddr5-1tb_nvme-rx9070_16g-wifi\/","og_site_name":"onPoint","article_modified_time":"2026-01-05T21:59:28+00:00","og_image":[{"width":1024,"height":760,"url":"https:\/\/www.onpoint.ee\/wp-content\/uploads\/2025\/04\/Redx-7600X3D-e1751824415612-1024x760.png","type":"image\/png"}],"twitter_card":"summary_large_image","twitter_misc":{"Est. reading time":"1 minute"},"schema":{"@context":"https:\/\/schema.org","@graph":[{"@type":["WebPage","ItemPage"],"@id":"https:\/\/www.onpoint.ee\/en\/toode\/onpoint-redx-amd-ryzen-7-7600x3d-64gb_ddr5-1tb_nvme-rx9070_16g-wifi\/","url":"https:\/\/www.onpoint.ee\/en\/toode\/onpoint-redx-amd-ryzen-7-7600x3d-64gb_ddr5-1tb_nvme-rx9070_16g-wifi\/","name":"onPoint Redx Ryzen 7 7600X3D M\u00e4nguarvuti - onPoint","isPartOf":{"@id":"https:\/\/www.onpoint.ee\/en\/#website"},"primaryImageOfPage":{"@id":"https:\/\/www.onpoint.ee\/en\/toode\/onpoint-redx-amd-ryzen-7-7600x3d-64gb_ddr5-1tb_nvme-rx9070_16g-wifi\/#primaryimage"},"image":{"@id":"https:\/\/www.onpoint.ee\/en\/toode\/onpoint-redx-amd-ryzen-7-7600x3d-64gb_ddr5-1tb_nvme-rx9070_16g-wifi\/#primaryimage"},"thumbnailUrl":"https:\/\/www.onpoint.ee\/wp-content\/uploads\/2025\/04\/Redx-7600X3D-e1751824415612.png","datePublished":"2025-04-17T17:16:04+00:00","dateModified":"2026-01-05T21:59:28+00:00","description":"onPoint Redx AMD Ryzen 7 7600X3D m\u00e4nguarvuti \u2013 \u00fclikiire 64GB DDR5, RX 9070 16GB, 1TB NVMe SSD ja kvaliteetne tulevikukindel ehitus.","breadcrumb":{"@id":"https:\/\/www.onpoint.ee\/en\/toode\/onpoint-redx-amd-ryzen-7-7600x3d-64gb_ddr5-1tb_nvme-rx9070_16g-wifi\/#breadcrumb"},"inLanguage":"en-US","potentialAction":[{"@type":"ReadAction","target":["https:\/\/www.onpoint.ee\/en\/toode\/onpoint-redx-amd-ryzen-7-7600x3d-64gb_ddr5-1tb_nvme-rx9070_16g-wifi\/"]}]},{"@type":"ImageObject","inLanguage":"en-US","@id":"https:\/\/www.onpoint.ee\/en\/toode\/onpoint-redx-amd-ryzen-7-7600x3d-64gb_ddr5-1tb_nvme-rx9070_16g-wifi\/#primaryimage","url":"https:\/\/www.onpoint.ee\/wp-content\/uploads\/2025\/04\/Redx-7600X3D-e1751824415612.png","contentUrl":"https:\/\/www.onpoint.ee\/wp-content\/uploads\/2025\/04\/Redx-7600X3D-e1751824415612.png","width":1410,"height":1046,"caption":"onPoint Redx Ryzen 7 7600X3D M\u00e4nguarvuti"},{"@type":"BreadcrumbList","@id":"https:\/\/www.onpoint.ee\/en\/toode\/onpoint-redx-amd-ryzen-7-7600x3d-64gb_ddr5-1tb_nvme-rx9070_16g-wifi\/#breadcrumb","itemListElement":[{"@type":"ListItem","position":1,"name":"Home","item":"https:\/\/www.onpoint.ee\/en\/"},{"@type":"ListItem","position":2,"name":"Pood","item":"https:\/\/www.onpoint.ee\/pood\/"},{"@type":"ListItem","position":3,"name":"onPoint Redx Ryzen 7 7600X3D M\u00e4nguarvuti"}]},{"@type":"WebSite","@id":"https:\/\/www.onpoint.ee\/en\/#website","url":"https:\/\/www.onpoint.ee\/en\/","name":"onPoint","description":"M\u00e4nguarvutid","publisher":{"@id":"https:\/\/www.onpoint.ee\/en\/#organization"},"potentialAction":[{"@type":"SearchAction","target":{"@type":"EntryPoint","urlTemplate":"https:\/\/www.onpoint.ee\/en\/?s={search_term_string}"},"query-input":{"@type":"PropertyValueSpecification","valueRequired":true,"valueName":"search_term_string"}}],"inLanguage":"en-US"},{"@type":"Organization","@id":"https:\/\/www.onpoint.ee\/en\/#organization","name":"onPoint","url":"https:\/\/www.onpoint.ee\/en\/","logo":{"@type":"ImageObject","inLanguage":"en-US","@id":"https:\/\/www.onpoint.ee\/en\/#\/schema\/logo\/image\/","url":"https:\/\/www.onpoint.ee\/wp-content\/uploads\/2020\/12\/onpoint.svg","contentUrl":"https:\/\/www.onpoint.ee\/wp-content\/uploads\/2020\/12\/onpoint.svg","width":2464,"height":906,"caption":"onPoint"},"image":{"@id":"https:\/\/www.onpoint.ee\/en\/#\/schema\/logo\/image\/"}}]}},"_links":{"self":[{"href":"https:\/\/www.onpoint.ee\/en\/wp-json\/wp\/v2\/product\/800435","targetHints":{"allow":["GET"]}}],"collection":[{"href":"https:\/\/www.onpoint.ee\/en\/wp-json\/wp\/v2\/product"}],"about":[{"href":"https:\/\/www.onpoint.ee\/en\/wp-json\/wp\/v2\/types\/product"}],"version-history":[{"count":0,"href":"https:\/\/www.onpoint.ee\/en\/wp-json\/wp\/v2\/product\/800435\/revisions"}],"wp:featuredmedia":[{"embeddable":true,"href":"https:\/\/www.onpoint.ee\/en\/wp-json\/wp\/v2\/media\/803741"}],"wp:attachment":[{"href":"https:\/\/www.onpoint.ee\/en\/wp-json\/wp\/v2\/media?parent=800435"}],"wp:term":[{"taxonomy":"product_brand","embeddable":true,"href":"https:\/\/www.onpoint.ee\/en\/wp-json\/wp\/v2\/product_brand?post=800435"},{"taxonomy":"product_cat","embeddable":true,"href":"https:\/\/www.onpoint.ee\/en\/wp-json\/wp\/v2\/product_cat?post=800435"},{"taxonomy":"product_tag","embeddable":true,"href":"https:\/\/www.onpoint.ee\/en\/wp-json\/wp\/v2\/product_tag?post=800435"}],"curies":[{"name":"wp","href":"https:\/\/api.w.org\/{rel}","templated":true}]}}