{"id":574692,"date":"2023-09-23T20:51:37","date_gmt":"2023-09-23T17:51:37","guid":{"rendered":"https:\/\/www.onpoint.ee\/?post_type=product&#038;p=574692"},"modified":"2025-12-17T10:52:05","modified_gmt":"2025-12-17T08:52:05","slug":"manguarvuti-komplekt-gameon-silver-ryzen-5-3600-rx-6600","status":"publish","type":"product","link":"https:\/\/www.onpoint.ee\/en\/toode\/manguarvuti-komplekt-gameon-silver-ryzen-5-3600-rx-6600\/","title":{"rendered":"M\u00e4nguarvuti komplekt &#8220;GameON! Silver&#8221; Ryzen 5 3600, RX 6600"},"content":{"rendered":"<p><\/p><h2 class=\"wp-block-heading\">Komplektis sisaldub:<\/h2><ul class=\"wp-block-list\"><li>Gaming arvuti<\/li>\n\n<li>Gaming monitor 24&#8243;, 165Hz<\/li>\n\n<li>Gaming klaviatuur (Razer Ornata V3 X) ja hiir (Razer DeathAdder) V\u00f5i samav\u00e4\u00e4rne<\/li>\n\n<li>Operatsioonis\u00fcsteem Windows 11 Home<\/li>\n\n<li>Vajalikud kaablid<\/li><\/ul><h2 class=\"wp-block-heading\"><strong>P\u00f5hilised omadused:<\/strong><\/h2><p><strong>1. Protsessor AMD Ryzen 5 3600:<\/strong> Vabastage oma m\u00e4nguarvuti potentsiaal t\u00e4nu AMD Ryzen 5 3600 protsessorile. Sellel on kuus tuuma ja kaksteist l\u00f5ime, et hakkama saada nii intensiivse m\u00e4ngimise kui ka sisuloomisega.<\/p><p><strong>2. Videokaart AMD Radeon RX 6600 8GB:<\/strong> Sukelduge kvaliteetse graafika ja sujuva m\u00e4ngukogemuse maailma t\u00e4nu v\u00f5imsale AMD Radeon RX 6600 8GB graafikakaardile. See on teie m\u00e4ngukogemuse tuum, pakkudes v\u00f5rratuid visuaale ja head j\u00f5udlust.<\/p><p><strong>3. Emaplaat Asus TUF Gaming:<\/strong> Ehitatud vastupidavaks m\u00e4ngimiseks, Asus TUF Gaming emaplaat tagab stabiilsuse ja toetab teie m\u00e4nguambitsioone.<\/p><p><strong>4. 16 GB RAM (2x8GB):<\/strong> 16GB RAM-ga jooksevad m\u00e4ngud sujuvalt.<\/p><p><strong>5. 1TB NVMe M.2 SSD:<\/strong> NVMe kettaga laetakse m\u00e4ngud ja rakendused v\u00e4lkkiirusel. H\u00fcvasti pikad laadimisekraanid.<\/p><p><strong>6. <strong>Operatsioonis\u00fcsteem<\/strong><\/strong> <strong>Windows 10 Home:<\/strong> Windows 10 on usaldusv\u00e4\u00e4rne valik m\u00e4nguritele, pakkudes \u00fchilduvust laia valiku m\u00e4ngude ja tarkvaraga.<\/p><p><strong>7. Korpus Deepcool Micro-ATX CASE CC360:<\/strong> See stiilne ja kompaktne l\u00e4bipaistva k\u00fcljega Deepcool Micro-ATX korpus mitte ainult ei lisa teie m\u00e4nguarvutile v\u00e4limust, vaid tagab ka suurep\u00e4rase \u00f5huvoolu, et hoida komponente jahedana ka intensiivsete m\u00e4nguseansside ajal. PS! Saadavuse muutumisel vahetatakse korpus millegi muu samav\u00e4\u00e4rse vastu!<\/p><p><strong>8. Toiteplokk 750W 80PLUS GOLD:<\/strong> V\u00f5imas ja efektiivse energiakasutusega toiteplokk mis j\u00e4tab ruumi tulevikuks kui soov lisada v\u00f5imsamaid komponente.<\/p><p> &#8220;GameON! Silver&#8221; pole lihtsalt arvuti &#8211; see on uks m\u00e4ngukogemuste maailma. Kas siis sukeldute uusimatesse m\u00e4ngudesse, striimite oma m\u00e4ngu Discordis v\u00f5i tegelete loominguliste projektidega, see arvuti on valmis peaaegu k\u00f5igeks.<\/p>","protected":false},"excerpt":{"rendered":"<p>T\u00f5stke oma m\u00e4ngukogemus t\u00e4iesti uuele tasemele meie Gaming PC-ga, mis on varustatud hea j\u00f5udluse ja stiilse disainiga.<\/p>\n<p>Pildid on illustratiivsed.<\/p>\n","protected":false},"featured_media":775383,"template":"","meta":{"_acf_changed":false,"inline_featured_image":false,"iawp_total_views":30},"product_brand":[],"product_cat":[4731,4926,17],"product_tag":[],"class_list":{"0":"post-574692","1":"product","2":"type-product","3":"status-publish","4":"has-post-thumbnail","6":"product_cat-manguarvuti-komplektid","7":"product_cat-sale","8":"product_cat-manguarvutid","10":"first","11":"instock","12":"sale","13":"taxable","14":"shipping-taxable","15":"purchasable","16":"product-type-simple"},"composite_virtual":false,"composite_layout":"","composite_add_to_cart_form_location":"","composite_editable_in_cart":false,"composite_sold_individually_context":"","composite_shop_price_calc":"","composite_components":[],"composite_scenarios":[],"acf":[],"yoast_head":"<!-- This site is optimized with the Yoast SEO plugin v25.1 - https:\/\/yoast.com\/wordpress\/plugins\/seo\/ -->\n<title>M\u00e4nguarvuti komplekt &quot;GameON! Silver&quot; Ryzen 5 3600, RX 6600 - onPoint<\/title>\n<meta name=\"robots\" content=\"index, follow, max-snippet:-1, max-image-preview:large, max-video-preview:-1\" \/>\n<link rel=\"canonical\" href=\"https:\/\/www.onpoint.ee\/en\/toode\/manguarvuti-komplekt-gameon-silver-ryzen-5-3600-rx-6600\/\" \/>\n<meta property=\"og:locale\" content=\"en_US\" \/>\n<meta property=\"og:type\" content=\"article\" \/>\n<meta property=\"og:title\" content=\"M\u00e4nguarvuti komplekt &quot;GameON! Silver&quot; Ryzen 5 3600, RX 6600 - onPoint\" \/>\n<meta property=\"og:description\" content=\"T\u00f5stke oma m\u00e4ngukogemus t\u00e4iesti uuele tasemele meie Gaming PC-ga, mis on varustatud hea j\u00f5udluse ja stiilse disainiga. Pildid on illustratiivsed.\" \/>\n<meta property=\"og:url\" content=\"https:\/\/www.onpoint.ee\/en\/toode\/manguarvuti-komplekt-gameon-silver-ryzen-5-3600-rx-6600\/\" \/>\n<meta property=\"og:site_name\" content=\"onPoint\" \/>\n<meta property=\"article:modified_time\" content=\"2025-12-17T08:52:05+00:00\" \/>\n<meta property=\"og:image\" content=\"https:\/\/www.onpoint.ee\/wp-content\/uploads\/2023\/09\/onPoint-GameOn-manguarvuti-komplekt-silver2.jpeg\" \/>\n\t<meta property=\"og:image:width\" content=\"1080\" \/>\n\t<meta property=\"og:image:height\" content=\"1080\" \/>\n\t<meta property=\"og:image:type\" content=\"image\/jpeg\" \/>\n<meta name=\"twitter:card\" content=\"summary_large_image\" \/>\n<meta name=\"twitter:label1\" content=\"Est. reading time\" \/>\n\t<meta name=\"twitter:data1\" content=\"1 minute\" \/>\n<script type=\"application\/ld+json\" class=\"yoast-schema-graph\">{\"@context\":\"https:\/\/schema.org\",\"@graph\":[{\"@type\":[\"WebPage\",\"ItemPage\"],\"@id\":\"https:\/\/www.onpoint.ee\/en\/toode\/manguarvuti-komplekt-gameon-silver-ryzen-5-3600-rx-6600\/\",\"url\":\"https:\/\/www.onpoint.ee\/en\/toode\/manguarvuti-komplekt-gameon-silver-ryzen-5-3600-rx-6600\/\",\"name\":\"M\u00e4nguarvuti komplekt \\\"GameON! Silver\\\" Ryzen 5 3600, RX 6600 - onPoint\",\"isPartOf\":{\"@id\":\"https:\/\/www.onpoint.ee\/en\/#website\"},\"primaryImageOfPage\":{\"@id\":\"https:\/\/www.onpoint.ee\/en\/toode\/manguarvuti-komplekt-gameon-silver-ryzen-5-3600-rx-6600\/#primaryimage\"},\"image\":{\"@id\":\"https:\/\/www.onpoint.ee\/en\/toode\/manguarvuti-komplekt-gameon-silver-ryzen-5-3600-rx-6600\/#primaryimage\"},\"thumbnailUrl\":\"https:\/\/www.onpoint.ee\/wp-content\/uploads\/2023\/09\/onPoint-GameOn-manguarvuti-komplekt-silver2.jpeg\",\"datePublished\":\"2023-09-23T17:51:37+00:00\",\"dateModified\":\"2025-12-17T08:52:05+00:00\",\"breadcrumb\":{\"@id\":\"https:\/\/www.onpoint.ee\/en\/toode\/manguarvuti-komplekt-gameon-silver-ryzen-5-3600-rx-6600\/#breadcrumb\"},\"inLanguage\":\"en-US\",\"potentialAction\":[{\"@type\":\"ReadAction\",\"target\":[\"https:\/\/www.onpoint.ee\/en\/toode\/manguarvuti-komplekt-gameon-silver-ryzen-5-3600-rx-6600\/\"]}]},{\"@type\":\"ImageObject\",\"inLanguage\":\"en-US\",\"@id\":\"https:\/\/www.onpoint.ee\/en\/toode\/manguarvuti-komplekt-gameon-silver-ryzen-5-3600-rx-6600\/#primaryimage\",\"url\":\"https:\/\/www.onpoint.ee\/wp-content\/uploads\/2023\/09\/onPoint-GameOn-manguarvuti-komplekt-silver2.jpeg\",\"contentUrl\":\"https:\/\/www.onpoint.ee\/wp-content\/uploads\/2023\/09\/onPoint-GameOn-manguarvuti-komplekt-silver2.jpeg\",\"width\":1080,\"height\":1080},{\"@type\":\"BreadcrumbList\",\"@id\":\"https:\/\/www.onpoint.ee\/en\/toode\/manguarvuti-komplekt-gameon-silver-ryzen-5-3600-rx-6600\/#breadcrumb\",\"itemListElement\":[{\"@type\":\"ListItem\",\"position\":1,\"name\":\"Home\",\"item\":\"https:\/\/www.onpoint.ee\/en\/\"},{\"@type\":\"ListItem\",\"position\":2,\"name\":\"Pood\",\"item\":\"https:\/\/www.onpoint.ee\/pood\/\"},{\"@type\":\"ListItem\",\"position\":3,\"name\":\"M\u00e4nguarvuti komplekt &#8220;GameON! Silver&#8221; Ryzen 5 3600, RX 6600\"}]},{\"@type\":\"WebSite\",\"@id\":\"https:\/\/www.onpoint.ee\/en\/#website\",\"url\":\"https:\/\/www.onpoint.ee\/en\/\",\"name\":\"onPoint\",\"description\":\"M\u00e4nguarvutid\",\"publisher\":{\"@id\":\"https:\/\/www.onpoint.ee\/en\/#organization\"},\"potentialAction\":[{\"@type\":\"SearchAction\",\"target\":{\"@type\":\"EntryPoint\",\"urlTemplate\":\"https:\/\/www.onpoint.ee\/en\/?s={search_term_string}\"},\"query-input\":{\"@type\":\"PropertyValueSpecification\",\"valueRequired\":true,\"valueName\":\"search_term_string\"}}],\"inLanguage\":\"en-US\"},{\"@type\":\"Organization\",\"@id\":\"https:\/\/www.onpoint.ee\/en\/#organization\",\"name\":\"onPoint\",\"url\":\"https:\/\/www.onpoint.ee\/en\/\",\"logo\":{\"@type\":\"ImageObject\",\"inLanguage\":\"en-US\",\"@id\":\"https:\/\/www.onpoint.ee\/en\/#\/schema\/logo\/image\/\",\"url\":\"https:\/\/www.onpoint.ee\/wp-content\/uploads\/2020\/12\/onpoint.svg\",\"contentUrl\":\"https:\/\/www.onpoint.ee\/wp-content\/uploads\/2020\/12\/onpoint.svg\",\"width\":2464,\"height\":906,\"caption\":\"onPoint\"},\"image\":{\"@id\":\"https:\/\/www.onpoint.ee\/en\/#\/schema\/logo\/image\/\"}}]}<\/script>\n<!-- \/ Yoast SEO plugin. -->","yoast_head_json":{"title":"M\u00e4nguarvuti komplekt \"GameON! Silver\" Ryzen 5 3600, RX 6600 - onPoint","robots":{"index":"index","follow":"follow","max-snippet":"max-snippet:-1","max-image-preview":"max-image-preview:large","max-video-preview":"max-video-preview:-1"},"canonical":"https:\/\/www.onpoint.ee\/en\/toode\/manguarvuti-komplekt-gameon-silver-ryzen-5-3600-rx-6600\/","og_locale":"en_US","og_type":"article","og_title":"M\u00e4nguarvuti komplekt \"GameON! Silver\" Ryzen 5 3600, RX 6600 - onPoint","og_description":"T\u00f5stke oma m\u00e4ngukogemus t\u00e4iesti uuele tasemele meie Gaming PC-ga, mis on varustatud hea j\u00f5udluse ja stiilse disainiga. Pildid on illustratiivsed.","og_url":"https:\/\/www.onpoint.ee\/en\/toode\/manguarvuti-komplekt-gameon-silver-ryzen-5-3600-rx-6600\/","og_site_name":"onPoint","article_modified_time":"2025-12-17T08:52:05+00:00","og_image":[{"width":1080,"height":1080,"url":"https:\/\/www.onpoint.ee\/wp-content\/uploads\/2023\/09\/onPoint-GameOn-manguarvuti-komplekt-silver2.jpeg","type":"image\/jpeg"}],"twitter_card":"summary_large_image","twitter_misc":{"Est. reading time":"1 minute"},"schema":{"@context":"https:\/\/schema.org","@graph":[{"@type":["WebPage","ItemPage"],"@id":"https:\/\/www.onpoint.ee\/en\/toode\/manguarvuti-komplekt-gameon-silver-ryzen-5-3600-rx-6600\/","url":"https:\/\/www.onpoint.ee\/en\/toode\/manguarvuti-komplekt-gameon-silver-ryzen-5-3600-rx-6600\/","name":"M\u00e4nguarvuti komplekt \"GameON! Silver\" Ryzen 5 3600, RX 6600 - onPoint","isPartOf":{"@id":"https:\/\/www.onpoint.ee\/en\/#website"},"primaryImageOfPage":{"@id":"https:\/\/www.onpoint.ee\/en\/toode\/manguarvuti-komplekt-gameon-silver-ryzen-5-3600-rx-6600\/#primaryimage"},"image":{"@id":"https:\/\/www.onpoint.ee\/en\/toode\/manguarvuti-komplekt-gameon-silver-ryzen-5-3600-rx-6600\/#primaryimage"},"thumbnailUrl":"https:\/\/www.onpoint.ee\/wp-content\/uploads\/2023\/09\/onPoint-GameOn-manguarvuti-komplekt-silver2.jpeg","datePublished":"2023-09-23T17:51:37+00:00","dateModified":"2025-12-17T08:52:05+00:00","breadcrumb":{"@id":"https:\/\/www.onpoint.ee\/en\/toode\/manguarvuti-komplekt-gameon-silver-ryzen-5-3600-rx-6600\/#breadcrumb"},"inLanguage":"en-US","potentialAction":[{"@type":"ReadAction","target":["https:\/\/www.onpoint.ee\/en\/toode\/manguarvuti-komplekt-gameon-silver-ryzen-5-3600-rx-6600\/"]}]},{"@type":"ImageObject","inLanguage":"en-US","@id":"https:\/\/www.onpoint.ee\/en\/toode\/manguarvuti-komplekt-gameon-silver-ryzen-5-3600-rx-6600\/#primaryimage","url":"https:\/\/www.onpoint.ee\/wp-content\/uploads\/2023\/09\/onPoint-GameOn-manguarvuti-komplekt-silver2.jpeg","contentUrl":"https:\/\/www.onpoint.ee\/wp-content\/uploads\/2023\/09\/onPoint-GameOn-manguarvuti-komplekt-silver2.jpeg","width":1080,"height":1080},{"@type":"BreadcrumbList","@id":"https:\/\/www.onpoint.ee\/en\/toode\/manguarvuti-komplekt-gameon-silver-ryzen-5-3600-rx-6600\/#breadcrumb","itemListElement":[{"@type":"ListItem","position":1,"name":"Home","item":"https:\/\/www.onpoint.ee\/en\/"},{"@type":"ListItem","position":2,"name":"Pood","item":"https:\/\/www.onpoint.ee\/pood\/"},{"@type":"ListItem","position":3,"name":"M\u00e4nguarvuti komplekt &#8220;GameON! Silver&#8221; Ryzen 5 3600, RX 6600"}]},{"@type":"WebSite","@id":"https:\/\/www.onpoint.ee\/en\/#website","url":"https:\/\/www.onpoint.ee\/en\/","name":"onPoint","description":"M\u00e4nguarvutid","publisher":{"@id":"https:\/\/www.onpoint.ee\/en\/#organization"},"potentialAction":[{"@type":"SearchAction","target":{"@type":"EntryPoint","urlTemplate":"https:\/\/www.onpoint.ee\/en\/?s={search_term_string}"},"query-input":{"@type":"PropertyValueSpecification","valueRequired":true,"valueName":"search_term_string"}}],"inLanguage":"en-US"},{"@type":"Organization","@id":"https:\/\/www.onpoint.ee\/en\/#organization","name":"onPoint","url":"https:\/\/www.onpoint.ee\/en\/","logo":{"@type":"ImageObject","inLanguage":"en-US","@id":"https:\/\/www.onpoint.ee\/en\/#\/schema\/logo\/image\/","url":"https:\/\/www.onpoint.ee\/wp-content\/uploads\/2020\/12\/onpoint.svg","contentUrl":"https:\/\/www.onpoint.ee\/wp-content\/uploads\/2020\/12\/onpoint.svg","width":2464,"height":906,"caption":"onPoint"},"image":{"@id":"https:\/\/www.onpoint.ee\/en\/#\/schema\/logo\/image\/"}}]}},"_links":{"self":[{"href":"https:\/\/www.onpoint.ee\/en\/wp-json\/wp\/v2\/product\/574692","targetHints":{"allow":["GET"]}}],"collection":[{"href":"https:\/\/www.onpoint.ee\/en\/wp-json\/wp\/v2\/product"}],"about":[{"href":"https:\/\/www.onpoint.ee\/en\/wp-json\/wp\/v2\/types\/product"}],"version-history":[{"count":0,"href":"https:\/\/www.onpoint.ee\/en\/wp-json\/wp\/v2\/product\/574692\/revisions"}],"wp:featuredmedia":[{"embeddable":true,"href":"https:\/\/www.onpoint.ee\/en\/wp-json\/wp\/v2\/media\/775383"}],"wp:attachment":[{"href":"https:\/\/www.onpoint.ee\/en\/wp-json\/wp\/v2\/media?parent=574692"}],"wp:term":[{"taxonomy":"product_brand","embeddable":true,"href":"https:\/\/www.onpoint.ee\/en\/wp-json\/wp\/v2\/product_brand?post=574692"},{"taxonomy":"product_cat","embeddable":true,"href":"https:\/\/www.onpoint.ee\/en\/wp-json\/wp\/v2\/product_cat?post=574692"},{"taxonomy":"product_tag","embeddable":true,"href":"https:\/\/www.onpoint.ee\/en\/wp-json\/wp\/v2\/product_tag?post=574692"}],"curies":[{"name":"wp","href":"https:\/\/api.w.org\/{rel}","templated":true}]}}