{"id":25751,"date":"2022-06-14T18:01:58","date_gmt":"2022-06-14T15:01:58","guid":{"rendered":"https:\/\/www.onpoint.ee\/?post_type=product&#038;p=25751"},"modified":"2025-12-17T10:54:03","modified_gmt":"2025-12-17T08:54:03","slug":"manguarvuti-monster-gold-intel-i7-13700kf-rtx-4070-ti-2x16-gb-ddr5-5200-mhz-wifi-win-11-home","status":"publish","type":"product","link":"https:\/\/www.onpoint.ee\/en\/toode\/manguarvuti-monster-gold-intel-i7-13700kf-rtx-4070-ti-2x16-gb-ddr5-5200-mhz-wifi-win-11-home\/","title":{"rendered":"M\u00e4nguarvuti Monster Gold Intel i7-14700KF RTX 5070 2&#215;16 GB..."},"content":{"rendered":"<p>onPoint Monster seeria arvutid on ideaalne valik 2K resolutsiooniga m\u00e4ngimiseks.<\/p><p>Meie arvutid on komplekteeritud k\u00e4sit\u00f6\u00f6na Tallinnas ja k\u00f5ik arvutid l\u00e4bivad range kvaliteedikontrolli (arvuti stabiilsus, temperatuurid).<\/p><h2 class=\"wp-block-heading\">Spetsifikatsioon:<\/h2><ul class=\"wp-block-list\"><li>Protsessor: Intel i7-13700KF<\/li>\n\n<li>Jahutus: \u00d5hk <\/li>\n\n<li>Emaplaat: Z690<\/li>\n\n<li>Graafikakaart: GeForce RTX 4070 TI<\/li>\n\n<li>M\u00e4lu (RAM): 2&#215;16 GB DDR5 5200 MHz<ul class=\"wp-block-list\"><li>Arvutil on 2 t\u00e4iendavat vaba pesa lisam\u00e4lu jaoks. <\/li><\/ul><\/li>\n\n<li>K\u00f5vaketas: 1TB NVMe M.2 SSD<\/li>\n\n<li>Korpus: Fractal Design Torrent Black RGB<\/li>\n\n<li>Toiteplokk: 850W Gold<\/li>\n\n<li>Operatsioonis\u00fcsteem: Windows 11 Home<\/li>\n\n<li>Wifi: Jah (Intel Wi-Fi 6)<\/li>\n\n<li>Bluetooth: Jah<\/li>\n\n<li>USB-C: Jah<\/li><\/ul><h2 class=\"wp-block-heading\">\u00dchenduvus:<\/h2><figure class=\"wp-block-table\"><table><tbody><tr><td><strong>Esipaneel<\/strong><\/td><td>&nbsp;<\/td><td>&nbsp;<\/td><\/tr><tr><td>USB 3.0<\/td><td>x<\/td><td>2<\/td><\/tr><tr><td>HD Audio 2-in1<br>(k\u00f5rvaklapid ja mikrofon)<\/td><td>x<\/td><td>1<\/td><\/tr><tr><td>RGB kontroller<\/td><td>x<\/td><td>1<\/td><\/tr><tr><td>&nbsp;<\/td><td>&nbsp;<\/td><td>&nbsp;<\/td><\/tr><tr><td>&nbsp;<\/td><td>&nbsp;<\/td><td>&nbsp;<\/td><\/tr><tr><td><strong>Tagapaneel<\/strong><\/td><td>&nbsp;<\/td><td>&nbsp;<\/td><\/tr><tr><td>USB2.0<\/td><td>x<\/td><td>2<\/td><\/tr><tr><td>USB 3.2 Gen 2&#215;2, Type C<\/td><td>x<\/td><td>1<\/td><\/tr><tr><td>USB 3.2 Gen 1, Type A<\/td><td>x<\/td><td>2<\/td><\/tr><tr><td>USB 3.2 Gen 2, Type A<\/td><td>x<\/td><td>3<\/td><\/tr><tr><td>2.5G Ethernet<\/td><td>x<\/td><td>1<\/td><\/tr><tr><td>Intel WiFi 6<\/td><td>x<\/td><td>1<\/td><\/tr><tr><td>Audio sisse\/v\u00e4lja<\/td><td>x<\/td><td>1<\/td><\/tr><tr><td>&nbsp;Bluetooth v5,2<\/td><td>x<\/td><td>&nbsp;<\/td><\/tr><tr><td>&nbsp;<\/td><td>&nbsp;<\/td><td>&nbsp;<\/td><\/tr><tr><td>&nbsp;<\/td><td>&nbsp;<\/td><td>&nbsp;<\/td><\/tr><tr><td>&nbsp;<\/td><td>&nbsp;<\/td><td>&nbsp;<\/td><\/tr><\/tbody><\/table><\/figure>\t\t<div data-elementor-type=\"wp-post\" data-elementor-id=\"16821\" class=\"elementor elementor-16821\" data-elementor-post-type=\"ae_global_templates\">\n\t\t\t\t\t\t<section class=\"elementor-section elementor-top-section elementor-element elementor-element-1a4dfd7 elementor-section-boxed elementor-section-height-default elementor-section-height-default\" data-id=\"1a4dfd7\" data-element_type=\"section\">\n\t\t\t\t\t\t<div class=\"elementor-container elementor-column-gap-default\">\n\t\t\t\t\t<div class=\"elementor-column elementor-col-100 elementor-top-column elementor-element elementor-element-705154d\" data-id=\"705154d\" data-element_type=\"column\">\n\t\t\t<div class=\"elementor-widget-wrap elementor-element-populated\">\n\t\t\t\t\t\t<div class=\"elementor-element elementor-element-9f20efd elementor-widget elementor-widget-heading\" data-id=\"9f20efd\" data-element_type=\"widget\" data-widget_type=\"heading.default\">\n\t\t\t\t<div class=\"elementor-widget-container\">\n\t\t\t\t\t<h3 class=\"elementor-heading-title elementor-size-default\">Soovid seda arvutit eriseadistustega?<\/h3>\t\t\t\t<\/div>\n\t\t\t\t<\/div>\n\t\t\t\t<div class=\"elementor-element elementor-element-78cbd19 elementor-widget elementor-widget-text-editor\" data-id=\"78cbd19\" data-element_type=\"widget\" data-widget_type=\"text-editor.default\">\n\t\t\t\t<div class=\"elementor-widget-container\">\n\t\t\t\t\t\t\t\t\t<p>Kui soovid antud arvuti juures midagi muuta (n\u00e4iteks rohkem m\u00e4lu, rohkem kettamahtu, vesijahutust, veel kiiremat graafikakaarti), siis saada meile <a href=\"\/teenused\/manguarvuti-kokkupanek\/\">m\u00e4nguarvuti komplekteerimise p\u00e4ring<\/a> v\u00f5i e-mail ja kirjelda oma soove. \ud83d\ude42<\/p>\t\t\t\t\t\t\t\t<\/div>\n\t\t\t\t<\/div>\n\t\t\t\t<div class=\"elementor-element elementor-element-d80ab1b elementor-align-center elementor-widget elementor-widget-button\" data-id=\"d80ab1b\" data-element_type=\"widget\" data-widget_type=\"button.default\">\n\t\t\t\t<div class=\"elementor-widget-container\">\n\t\t\t\t\t\t\t\t\t<div class=\"elementor-button-wrapper\">\n\t\t\t\t\t<a class=\"elementor-button elementor-button-link elementor-size-md\" href=\"\/teenused\/manguarvuti-kokkupanek\/\">\n\t\t\t\t\t\t<span class=\"elementor-button-content-wrapper\">\n\t\t\t\t\t\t\t\t\t<span class=\"elementor-button-text\">Ava m\u00e4nguarvuti komplekteerimise vorm<\/span>\n\t\t\t\t\t<\/span>\n\t\t\t\t\t<\/a>\n\t\t\t\t<\/div>\n\t\t\t\t\t\t\t\t<\/div>\n\t\t\t\t<\/div>\n\t\t\t\t\t<\/div>\n\t\t<\/div>\n\t\t\t\t\t<\/div>\n\t\t<\/section>\n\t\t\t\t<\/div>\n\t\t","protected":false},"excerpt":{"rendered":"<p>Intel i7-13700KF RTX 4070 TI 2&#215;16 GB DDR5 5200 MHz Wifi Win 11 Home<\/p>\n<p>Pildid on illustratiivsed.<\/p>\n","protected":false},"featured_media":775390,"template":"","meta":{"_acf_changed":false,"inline_featured_image":false,"iawp_total_views":23},"product_brand":[],"product_cat":[4926,17,2864],"product_tag":[],"class_list":{"0":"post-25751","1":"product","2":"type-product","3":"status-publish","4":"has-post-thumbnail","6":"product_cat-sale","7":"product_cat-manguarvutid","8":"product_cat-manguri-lauaarvutid","10":"first","11":"instock","12":"sale","13":"taxable","14":"shipping-taxable","15":"purchasable","16":"product-type-simple"},"composite_virtual":false,"composite_layout":"","composite_add_to_cart_form_location":"","composite_editable_in_cart":false,"composite_sold_individually_context":"","composite_shop_price_calc":"","composite_components":[],"composite_scenarios":[],"acf":[],"yoast_head":"<!-- This site is optimized with the Yoast SEO plugin v25.1 - https:\/\/yoast.com\/wordpress\/plugins\/seo\/ -->\n<title>M\u00e4nguarvuti Monster Gold Intel i7-14700KF RTX 5070 2x16 GB DDR5 Wifi Win 11 Home - onPoint<\/title>\n<meta name=\"robots\" content=\"index, follow, max-snippet:-1, max-image-preview:large, max-video-preview:-1\" \/>\n<link rel=\"canonical\" href=\"https:\/\/www.onpoint.ee\/en\/toode\/manguarvuti-monster-gold-intel-i7-13700kf-rtx-4070-ti-2x16-gb-ddr5-5200-mhz-wifi-win-11-home\/\" \/>\n<meta property=\"og:locale\" content=\"en_US\" \/>\n<meta property=\"og:type\" content=\"article\" \/>\n<meta property=\"og:title\" content=\"M\u00e4nguarvuti Monster Gold Intel i7-14700KF RTX 5070 2x16 GB DDR5 Wifi Win 11 Home - onPoint\" \/>\n<meta property=\"og:description\" content=\"Intel i7-13700KF RTX 4070 TI 2x16 GB DDR5 5200 MHz Wifi Win 11 Home Pildid on illustratiivsed.\" \/>\n<meta property=\"og:url\" content=\"https:\/\/www.onpoint.ee\/en\/toode\/manguarvuti-monster-gold-intel-i7-13700kf-rtx-4070-ti-2x16-gb-ddr5-5200-mhz-wifi-win-11-home\/\" \/>\n<meta property=\"og:site_name\" content=\"onPoint\" \/>\n<meta property=\"article:modified_time\" content=\"2025-12-17T08:54:03+00:00\" \/>\n<meta property=\"og:image\" content=\"https:\/\/www.onpoint.ee\/wp-content\/uploads\/2022\/06\/Torrent-RGB-Black-TGL-Front-scaled-1.jpg\" \/>\n\t<meta property=\"og:image:width\" content=\"2560\" \/>\n\t<meta property=\"og:image:height\" content=\"1810\" \/>\n\t<meta property=\"og:image:type\" content=\"image\/jpeg\" \/>\n<meta name=\"twitter:card\" content=\"summary_large_image\" \/>\n<meta name=\"twitter:label1\" content=\"Est. reading time\" \/>\n\t<meta name=\"twitter:data1\" content=\"1 minute\" \/>\n<script type=\"application\/ld+json\" class=\"yoast-schema-graph\">{\"@context\":\"https:\/\/schema.org\",\"@graph\":[{\"@type\":[\"WebPage\",\"ItemPage\"],\"@id\":\"https:\/\/www.onpoint.ee\/en\/toode\/manguarvuti-monster-gold-intel-i7-13700kf-rtx-4070-ti-2x16-gb-ddr5-5200-mhz-wifi-win-11-home\/\",\"url\":\"https:\/\/www.onpoint.ee\/en\/toode\/manguarvuti-monster-gold-intel-i7-13700kf-rtx-4070-ti-2x16-gb-ddr5-5200-mhz-wifi-win-11-home\/\",\"name\":\"M\u00e4nguarvuti Monster Gold Intel i7-14700KF RTX 5070 2x16 GB DDR5 Wifi Win 11 Home - onPoint\",\"isPartOf\":{\"@id\":\"https:\/\/www.onpoint.ee\/en\/#website\"},\"primaryImageOfPage\":{\"@id\":\"https:\/\/www.onpoint.ee\/en\/toode\/manguarvuti-monster-gold-intel-i7-13700kf-rtx-4070-ti-2x16-gb-ddr5-5200-mhz-wifi-win-11-home\/#primaryimage\"},\"image\":{\"@id\":\"https:\/\/www.onpoint.ee\/en\/toode\/manguarvuti-monster-gold-intel-i7-13700kf-rtx-4070-ti-2x16-gb-ddr5-5200-mhz-wifi-win-11-home\/#primaryimage\"},\"thumbnailUrl\":\"https:\/\/www.onpoint.ee\/wp-content\/uploads\/2022\/06\/Torrent-RGB-Black-TGL-Front-scaled-1.jpg\",\"datePublished\":\"2022-06-14T15:01:58+00:00\",\"dateModified\":\"2025-12-17T08:54:03+00:00\",\"breadcrumb\":{\"@id\":\"https:\/\/www.onpoint.ee\/en\/toode\/manguarvuti-monster-gold-intel-i7-13700kf-rtx-4070-ti-2x16-gb-ddr5-5200-mhz-wifi-win-11-home\/#breadcrumb\"},\"inLanguage\":\"en-US\",\"potentialAction\":[{\"@type\":\"ReadAction\",\"target\":[\"https:\/\/www.onpoint.ee\/en\/toode\/manguarvuti-monster-gold-intel-i7-13700kf-rtx-4070-ti-2x16-gb-ddr5-5200-mhz-wifi-win-11-home\/\"]}]},{\"@type\":\"ImageObject\",\"inLanguage\":\"en-US\",\"@id\":\"https:\/\/www.onpoint.ee\/en\/toode\/manguarvuti-monster-gold-intel-i7-13700kf-rtx-4070-ti-2x16-gb-ddr5-5200-mhz-wifi-win-11-home\/#primaryimage\",\"url\":\"https:\/\/www.onpoint.ee\/wp-content\/uploads\/2022\/06\/Torrent-RGB-Black-TGL-Front-scaled-1.jpg\",\"contentUrl\":\"https:\/\/www.onpoint.ee\/wp-content\/uploads\/2022\/06\/Torrent-RGB-Black-TGL-Front-scaled-1.jpg\",\"width\":2560,\"height\":1810},{\"@type\":\"BreadcrumbList\",\"@id\":\"https:\/\/www.onpoint.ee\/en\/toode\/manguarvuti-monster-gold-intel-i7-13700kf-rtx-4070-ti-2x16-gb-ddr5-5200-mhz-wifi-win-11-home\/#breadcrumb\",\"itemListElement\":[{\"@type\":\"ListItem\",\"position\":1,\"name\":\"Home\",\"item\":\"https:\/\/www.onpoint.ee\/en\/\"},{\"@type\":\"ListItem\",\"position\":2,\"name\":\"Pood\",\"item\":\"https:\/\/www.onpoint.ee\/pood\/\"},{\"@type\":\"ListItem\",\"position\":3,\"name\":\"M\u00e4nguarvuti Monster Gold Intel i7-14700KF RTX 5070 2&#215;16 GB...\"}]},{\"@type\":\"WebSite\",\"@id\":\"https:\/\/www.onpoint.ee\/en\/#website\",\"url\":\"https:\/\/www.onpoint.ee\/en\/\",\"name\":\"onPoint\",\"description\":\"M\u00e4nguarvutid\",\"publisher\":{\"@id\":\"https:\/\/www.onpoint.ee\/en\/#organization\"},\"potentialAction\":[{\"@type\":\"SearchAction\",\"target\":{\"@type\":\"EntryPoint\",\"urlTemplate\":\"https:\/\/www.onpoint.ee\/en\/?s={search_term_string}\"},\"query-input\":{\"@type\":\"PropertyValueSpecification\",\"valueRequired\":true,\"valueName\":\"search_term_string\"}}],\"inLanguage\":\"en-US\"},{\"@type\":\"Organization\",\"@id\":\"https:\/\/www.onpoint.ee\/en\/#organization\",\"name\":\"onPoint\",\"url\":\"https:\/\/www.onpoint.ee\/en\/\",\"logo\":{\"@type\":\"ImageObject\",\"inLanguage\":\"en-US\",\"@id\":\"https:\/\/www.onpoint.ee\/en\/#\/schema\/logo\/image\/\",\"url\":\"https:\/\/www.onpoint.ee\/wp-content\/uploads\/2020\/12\/onpoint.svg\",\"contentUrl\":\"https:\/\/www.onpoint.ee\/wp-content\/uploads\/2020\/12\/onpoint.svg\",\"width\":2464,\"height\":906,\"caption\":\"onPoint\"},\"image\":{\"@id\":\"https:\/\/www.onpoint.ee\/en\/#\/schema\/logo\/image\/\"}}]}<\/script>\n<!-- \/ Yoast SEO plugin. -->","yoast_head_json":{"title":"M\u00e4nguarvuti Monster Gold Intel i7-14700KF RTX 5070 2x16 GB DDR5 Wifi Win 11 Home - onPoint","robots":{"index":"index","follow":"follow","max-snippet":"max-snippet:-1","max-image-preview":"max-image-preview:large","max-video-preview":"max-video-preview:-1"},"canonical":"https:\/\/www.onpoint.ee\/en\/toode\/manguarvuti-monster-gold-intel-i7-13700kf-rtx-4070-ti-2x16-gb-ddr5-5200-mhz-wifi-win-11-home\/","og_locale":"en_US","og_type":"article","og_title":"M\u00e4nguarvuti Monster Gold Intel i7-14700KF RTX 5070 2x16 GB DDR5 Wifi Win 11 Home - onPoint","og_description":"Intel i7-13700KF RTX 4070 TI 2x16 GB DDR5 5200 MHz Wifi Win 11 Home Pildid on illustratiivsed.","og_url":"https:\/\/www.onpoint.ee\/en\/toode\/manguarvuti-monster-gold-intel-i7-13700kf-rtx-4070-ti-2x16-gb-ddr5-5200-mhz-wifi-win-11-home\/","og_site_name":"onPoint","article_modified_time":"2025-12-17T08:54:03+00:00","og_image":[{"width":2560,"height":1810,"url":"https:\/\/www.onpoint.ee\/wp-content\/uploads\/2022\/06\/Torrent-RGB-Black-TGL-Front-scaled-1.jpg","type":"image\/jpeg"}],"twitter_card":"summary_large_image","twitter_misc":{"Est. reading time":"1 minute"},"schema":{"@context":"https:\/\/schema.org","@graph":[{"@type":["WebPage","ItemPage"],"@id":"https:\/\/www.onpoint.ee\/en\/toode\/manguarvuti-monster-gold-intel-i7-13700kf-rtx-4070-ti-2x16-gb-ddr5-5200-mhz-wifi-win-11-home\/","url":"https:\/\/www.onpoint.ee\/en\/toode\/manguarvuti-monster-gold-intel-i7-13700kf-rtx-4070-ti-2x16-gb-ddr5-5200-mhz-wifi-win-11-home\/","name":"M\u00e4nguarvuti Monster Gold Intel i7-14700KF RTX 5070 2x16 GB DDR5 Wifi Win 11 Home - onPoint","isPartOf":{"@id":"https:\/\/www.onpoint.ee\/en\/#website"},"primaryImageOfPage":{"@id":"https:\/\/www.onpoint.ee\/en\/toode\/manguarvuti-monster-gold-intel-i7-13700kf-rtx-4070-ti-2x16-gb-ddr5-5200-mhz-wifi-win-11-home\/#primaryimage"},"image":{"@id":"https:\/\/www.onpoint.ee\/en\/toode\/manguarvuti-monster-gold-intel-i7-13700kf-rtx-4070-ti-2x16-gb-ddr5-5200-mhz-wifi-win-11-home\/#primaryimage"},"thumbnailUrl":"https:\/\/www.onpoint.ee\/wp-content\/uploads\/2022\/06\/Torrent-RGB-Black-TGL-Front-scaled-1.jpg","datePublished":"2022-06-14T15:01:58+00:00","dateModified":"2025-12-17T08:54:03+00:00","breadcrumb":{"@id":"https:\/\/www.onpoint.ee\/en\/toode\/manguarvuti-monster-gold-intel-i7-13700kf-rtx-4070-ti-2x16-gb-ddr5-5200-mhz-wifi-win-11-home\/#breadcrumb"},"inLanguage":"en-US","potentialAction":[{"@type":"ReadAction","target":["https:\/\/www.onpoint.ee\/en\/toode\/manguarvuti-monster-gold-intel-i7-13700kf-rtx-4070-ti-2x16-gb-ddr5-5200-mhz-wifi-win-11-home\/"]}]},{"@type":"ImageObject","inLanguage":"en-US","@id":"https:\/\/www.onpoint.ee\/en\/toode\/manguarvuti-monster-gold-intel-i7-13700kf-rtx-4070-ti-2x16-gb-ddr5-5200-mhz-wifi-win-11-home\/#primaryimage","url":"https:\/\/www.onpoint.ee\/wp-content\/uploads\/2022\/06\/Torrent-RGB-Black-TGL-Front-scaled-1.jpg","contentUrl":"https:\/\/www.onpoint.ee\/wp-content\/uploads\/2022\/06\/Torrent-RGB-Black-TGL-Front-scaled-1.jpg","width":2560,"height":1810},{"@type":"BreadcrumbList","@id":"https:\/\/www.onpoint.ee\/en\/toode\/manguarvuti-monster-gold-intel-i7-13700kf-rtx-4070-ti-2x16-gb-ddr5-5200-mhz-wifi-win-11-home\/#breadcrumb","itemListElement":[{"@type":"ListItem","position":1,"name":"Home","item":"https:\/\/www.onpoint.ee\/en\/"},{"@type":"ListItem","position":2,"name":"Pood","item":"https:\/\/www.onpoint.ee\/pood\/"},{"@type":"ListItem","position":3,"name":"M\u00e4nguarvuti Monster Gold Intel i7-14700KF RTX 5070 2&#215;16 GB..."}]},{"@type":"WebSite","@id":"https:\/\/www.onpoint.ee\/en\/#website","url":"https:\/\/www.onpoint.ee\/en\/","name":"onPoint","description":"M\u00e4nguarvutid","publisher":{"@id":"https:\/\/www.onpoint.ee\/en\/#organization"},"potentialAction":[{"@type":"SearchAction","target":{"@type":"EntryPoint","urlTemplate":"https:\/\/www.onpoint.ee\/en\/?s={search_term_string}"},"query-input":{"@type":"PropertyValueSpecification","valueRequired":true,"valueName":"search_term_string"}}],"inLanguage":"en-US"},{"@type":"Organization","@id":"https:\/\/www.onpoint.ee\/en\/#organization","name":"onPoint","url":"https:\/\/www.onpoint.ee\/en\/","logo":{"@type":"ImageObject","inLanguage":"en-US","@id":"https:\/\/www.onpoint.ee\/en\/#\/schema\/logo\/image\/","url":"https:\/\/www.onpoint.ee\/wp-content\/uploads\/2020\/12\/onpoint.svg","contentUrl":"https:\/\/www.onpoint.ee\/wp-content\/uploads\/2020\/12\/onpoint.svg","width":2464,"height":906,"caption":"onPoint"},"image":{"@id":"https:\/\/www.onpoint.ee\/en\/#\/schema\/logo\/image\/"}}]}},"_links":{"self":[{"href":"https:\/\/www.onpoint.ee\/en\/wp-json\/wp\/v2\/product\/25751","targetHints":{"allow":["GET"]}}],"collection":[{"href":"https:\/\/www.onpoint.ee\/en\/wp-json\/wp\/v2\/product"}],"about":[{"href":"https:\/\/www.onpoint.ee\/en\/wp-json\/wp\/v2\/types\/product"}],"version-history":[{"count":0,"href":"https:\/\/www.onpoint.ee\/en\/wp-json\/wp\/v2\/product\/25751\/revisions"}],"wp:featuredmedia":[{"embeddable":true,"href":"https:\/\/www.onpoint.ee\/en\/wp-json\/wp\/v2\/media\/775390"}],"wp:attachment":[{"href":"https:\/\/www.onpoint.ee\/en\/wp-json\/wp\/v2\/media?parent=25751"}],"wp:term":[{"taxonomy":"product_brand","embeddable":true,"href":"https:\/\/www.onpoint.ee\/en\/wp-json\/wp\/v2\/product_brand?post=25751"},{"taxonomy":"product_cat","embeddable":true,"href":"https:\/\/www.onpoint.ee\/en\/wp-json\/wp\/v2\/product_cat?post=25751"},{"taxonomy":"product_tag","embeddable":true,"href":"https:\/\/www.onpoint.ee\/en\/wp-json\/wp\/v2\/product_tag?post=25751"}],"curies":[{"name":"wp","href":"https:\/\/api.w.org\/{rel}","templated":true}]}}