{"id":16244,"date":"2024-05-23T20:58:42","date_gmt":"2024-05-23T17:58:42","guid":{"rendered":"https:\/\/www.onpoint.ee\/?post_type=product&#038;p=16244"},"modified":"2026-01-06T00:00:25","modified_gmt":"2026-01-05T22:00:25","slug":"manguarvuti-onpoint-grinder-gold","status":"publish","type":"product","link":"https:\/\/www.onpoint.ee\/en\/toode\/manguarvuti-onpoint-grinder-gold\/","title":{"rendered":"M\u00e4nguarvuti Grinder Gold Intel i5 14400F RTX 3050 DDR5-32GB..."},"content":{"rendered":"<p class=\"has-vivid-red-background-color has-background\">NB! Vaikimisi on arvuti korpus seest musta v\u00e4rvi. Kui soovite m\u00f5nda muud v\u00e4rvi, andke sellest p\u00e4rast ostu teada. V\u00e4rvivalikuga saab tutvuda galeriis olevas videos v\u00f5i korpuse tootja kodulehel: <a href=\"https:\/\/www.fractal-design.com\/products\/cases\/pop\/pop-air\/rgb-orange-core\/\">https:\/\/www.fractal-design.com\/products\/cases\/pop\/pop-air\/rgb-orange-core\/<\/a><\/p><p>onPoint Grinder seeria on ideaalne valik 1080p resolutsiooniga m\u00e4ngimiseks. Grinder seerias olev Diamond arvuti sobib h\u00e4sti ka striimimiseks.<\/p><p>onPoint arvutid on komplekteeritud k\u00e4sit\u00f6\u00f6na Tallinnas ja k\u00f5ik arvutid l\u00e4bivad range kvaliteedikontrolli (arvuti stabiilsus, temperatuurid).<\/p><p><a href=\"https:\/\/www.onpoint.ee\/onpoint-grinder-manguarvutid\/\">Tutvu onPoint Grinder seeria teiste arvutitega<\/a>.<\/p><h2 class=\"wp-block-heading\">Spetsifikatsioon:<\/h2><ul class=\"wp-block-list\"><li>Intel i5-14400F protsessor<\/li>\n\n<li>Jahutus: \u00d5hkjahutus DeepCool<\/li>\n\n<li>NVIDIA GeForce RTX 3050 graafikakaart<\/li>\n\n<li>32 GB RAM (2x16GB) DDR5<\/li>\n\n<li>1TB M.2 NVMe k\u00f5vaketas<\/li>\n\n<li>Windows 11 Home operatsioonis\u00fcsteem<\/li>\n\n<li>WiFi 6<\/li><\/ul>\t\t<div data-elementor-type=\"wp-post\" data-elementor-id=\"23682\" class=\"elementor elementor-23682\" data-elementor-post-type=\"ae_global_templates\">\n\t\t\t\t\t\t<section class=\"elementor-section elementor-top-section elementor-element elementor-element-bac121a elementor-section-boxed elementor-section-height-default elementor-section-height-default\" data-id=\"bac121a\" data-element_type=\"section\">\n\t\t\t\t\t\t<div class=\"elementor-container elementor-column-gap-default\">\n\t\t\t\t\t<div class=\"elementor-column elementor-col-100 elementor-top-column elementor-element elementor-element-a4ecdec\" data-id=\"a4ecdec\" data-element_type=\"column\">\n\t\t\t<div class=\"elementor-widget-wrap elementor-element-populated\">\n\t\t\t\t\t\t<div class=\"elementor-element elementor-element-37eb726 elementor-widget elementor-widget-heading\" data-id=\"37eb726\" data-element_type=\"widget\" data-widget_type=\"heading.default\">\n\t\t\t\t<div class=\"elementor-widget-container\">\n\t\t\t\t\t<h2 class=\"elementor-heading-title elementor-size-default\">Seotud blogiartiklid\u200b<\/h2>\t\t\t\t<\/div>\n\t\t\t\t<\/div>\n\t\t\t\t<div class=\"elementor-element elementor-element-2a711b6 elementor-widget elementor-widget-text-editor\" data-id=\"2a711b6\" data-element_type=\"widget\" data-widget_type=\"text-editor.default\">\n\t\t\t\t<div class=\"elementor-widget-container\">\n\t\t\t\t\t\t\t\t\t<p>Mida ei tohiks t\u00e4helepanuta j\u00e4tta esimese m\u00e4nguarvuti valimisel?, 23.04.2022,&nbsp;<a href=\"\/blogi\/mida-ei-tohiks-tahelepanuta-jatta-esimese-manguarvuti-valimisel\/\" target=\"_blank\" style=\"background-color: rgb(255, 255, 255);\"><b>LOE SIIT<\/b><\/a><\/p>\t\t\t\t\t\t\t\t<\/div>\n\t\t\t\t<\/div>\n\t\t\t\t\t<\/div>\n\t\t<\/div>\n\t\t\t\t\t<\/div>\n\t\t<\/section>\n\t\t\t\t<\/div>\n\t\t<h2 class=\"wp-block-heading\">\u00dchenduvus:<\/h2><h2 class=\"wp-block-heading\">Arvuti kiirus erinevates m\u00e4ngudes<\/h2><p><\/p>\t\t<div data-elementor-type=\"wp-post\" data-elementor-id=\"16821\" class=\"elementor elementor-16821\" data-elementor-post-type=\"ae_global_templates\">\n\t\t\t\t\t\t<section class=\"elementor-section elementor-top-section elementor-element elementor-element-1a4dfd7 elementor-section-boxed elementor-section-height-default elementor-section-height-default\" data-id=\"1a4dfd7\" data-element_type=\"section\">\n\t\t\t\t\t\t<div class=\"elementor-container elementor-column-gap-default\">\n\t\t\t\t\t<div class=\"elementor-column elementor-col-100 elementor-top-column elementor-element elementor-element-705154d\" data-id=\"705154d\" data-element_type=\"column\">\n\t\t\t<div class=\"elementor-widget-wrap elementor-element-populated\">\n\t\t\t\t\t\t<div class=\"elementor-element elementor-element-9f20efd elementor-widget elementor-widget-heading\" data-id=\"9f20efd\" data-element_type=\"widget\" data-widget_type=\"heading.default\">\n\t\t\t\t<div class=\"elementor-widget-container\">\n\t\t\t\t\t<h3 class=\"elementor-heading-title elementor-size-default\">Soovid seda arvutit eriseadistustega?<\/h3>\t\t\t\t<\/div>\n\t\t\t\t<\/div>\n\t\t\t\t<div class=\"elementor-element elementor-element-78cbd19 elementor-widget elementor-widget-text-editor\" data-id=\"78cbd19\" data-element_type=\"widget\" data-widget_type=\"text-editor.default\">\n\t\t\t\t<div class=\"elementor-widget-container\">\n\t\t\t\t\t\t\t\t\t<p>Kui soovid antud arvuti juures midagi muuta (n\u00e4iteks rohkem m\u00e4lu, rohkem kettamahtu, vesijahutust, veel kiiremat graafikakaarti), siis saada meile <a href=\"\/teenused\/manguarvuti-kokkupanek\/\">m\u00e4nguarvuti komplekteerimise p\u00e4ring<\/a> v\u00f5i e-mail ja kirjelda oma soove. \ud83d\ude42<\/p>\t\t\t\t\t\t\t\t<\/div>\n\t\t\t\t<\/div>\n\t\t\t\t<div class=\"elementor-element elementor-element-d80ab1b elementor-align-center elementor-widget elementor-widget-button\" data-id=\"d80ab1b\" data-element_type=\"widget\" data-widget_type=\"button.default\">\n\t\t\t\t<div class=\"elementor-widget-container\">\n\t\t\t\t\t\t\t\t\t<div class=\"elementor-button-wrapper\">\n\t\t\t\t\t<a class=\"elementor-button elementor-button-link elementor-size-md\" href=\"\/teenused\/manguarvuti-kokkupanek\/\">\n\t\t\t\t\t\t<span class=\"elementor-button-content-wrapper\">\n\t\t\t\t\t\t\t\t\t<span class=\"elementor-button-text\">Ava m\u00e4nguarvuti komplekteerimise vorm<\/span>\n\t\t\t\t\t<\/span>\n\t\t\t\t\t<\/a>\n\t\t\t\t<\/div>\n\t\t\t\t\t\t\t\t<\/div>\n\t\t\t\t<\/div>\n\t\t\t\t\t<\/div>\n\t\t<\/div>\n\t\t\t\t\t<\/div>\n\t\t<\/section>\n\t\t\t\t<\/div>\n\t\t","protected":false},"excerpt":{"rendered":"<p>Intel i5-14400F, NVIDIA GeForce RTX 3050, DDR5 32 GB RAM (2x16GB), 1TB M.2 NVMe, Windows 11 Home, WiFi \u00a0<\/p>\n","protected":false},"featured_media":799428,"template":"","meta":{"_acf_changed":false,"inline_featured_image":false,"iawp_total_views":64},"product_brand":[],"product_cat":[4926,17,2864],"product_tag":[],"class_list":{"0":"post-16244","1":"product","2":"type-product","3":"status-publish","4":"has-post-thumbnail","6":"product_cat-sale","7":"product_cat-manguarvutid","8":"product_cat-manguri-lauaarvutid","10":"first","11":"instock","12":"taxable","13":"shipping-taxable","14":"purchasable","15":"product-type-simple"},"composite_virtual":false,"composite_layout":"","composite_add_to_cart_form_location":"","composite_editable_in_cart":false,"composite_sold_individually_context":"","composite_shop_price_calc":"","composite_components":[],"composite_scenarios":[],"acf":[],"yoast_head":"<!-- This site is optimized with the Yoast SEO plugin v25.1 - https:\/\/yoast.com\/wordpress\/plugins\/seo\/ -->\n<title>M\u00e4nguarvuti Grinder Gold Intel i5 14400F RTX 3050 DDR5-32GB RAM 1TB SSD Wifi Win 11 Home - onPoint<\/title>\n<meta name=\"robots\" content=\"index, follow, max-snippet:-1, max-image-preview:large, max-video-preview:-1\" \/>\n<link rel=\"canonical\" href=\"https:\/\/www.onpoint.ee\/en\/toode\/manguarvuti-onpoint-grinder-gold\/\" \/>\n<meta property=\"og:locale\" content=\"en_US\" \/>\n<meta property=\"og:type\" content=\"article\" \/>\n<meta property=\"og:title\" content=\"M\u00e4nguarvuti Grinder Gold Intel i5 14400F RTX 3050 DDR5-32GB RAM 1TB SSD Wifi Win 11 Home - onPoint\" \/>\n<meta property=\"og:description\" content=\"Intel i5-14400F, NVIDIA GeForce RTX 3050, DDR5 32 GB RAM (2x16GB), 1TB M.2 NVMe, Windows 11 Home, WiFi \u00a0\" \/>\n<meta property=\"og:url\" content=\"https:\/\/www.onpoint.ee\/en\/toode\/manguarvuti-onpoint-grinder-gold\/\" \/>\n<meta property=\"og:site_name\" content=\"onPoint\" \/>\n<meta property=\"article:modified_time\" content=\"2026-01-05T22:00:25+00:00\" \/>\n<meta property=\"og:image\" content=\"https:\/\/www.onpoint.ee\/wp-content\/uploads\/2024\/05\/Pop_ATX_Air_RGB_Orange_TGC_1-Front-Left-v1-810x810-1.webp\" \/>\n\t<meta property=\"og:image:width\" content=\"810\" \/>\n\t<meta property=\"og:image:height\" content=\"810\" \/>\n\t<meta property=\"og:image:type\" content=\"image\/webp\" \/>\n<meta name=\"twitter:card\" content=\"summary_large_image\" \/>\n<meta name=\"twitter:label1\" content=\"Est. reading time\" \/>\n\t<meta name=\"twitter:data1\" content=\"1 minute\" \/>\n<script type=\"application\/ld+json\" class=\"yoast-schema-graph\">{\"@context\":\"https:\/\/schema.org\",\"@graph\":[{\"@type\":[\"WebPage\",\"ItemPage\"],\"@id\":\"https:\/\/www.onpoint.ee\/en\/toode\/manguarvuti-onpoint-grinder-gold\/\",\"url\":\"https:\/\/www.onpoint.ee\/en\/toode\/manguarvuti-onpoint-grinder-gold\/\",\"name\":\"M\u00e4nguarvuti Grinder Gold Intel i5 14400F RTX 3050 DDR5-32GB RAM 1TB SSD Wifi Win 11 Home - onPoint\",\"isPartOf\":{\"@id\":\"https:\/\/www.onpoint.ee\/en\/#website\"},\"primaryImageOfPage\":{\"@id\":\"https:\/\/www.onpoint.ee\/en\/toode\/manguarvuti-onpoint-grinder-gold\/#primaryimage\"},\"image\":{\"@id\":\"https:\/\/www.onpoint.ee\/en\/toode\/manguarvuti-onpoint-grinder-gold\/#primaryimage\"},\"thumbnailUrl\":\"https:\/\/www.onpoint.ee\/wp-content\/uploads\/2024\/05\/Pop_ATX_Air_RGB_Orange_TGC_1-Front-Left-v1-810x810-1.webp\",\"datePublished\":\"2024-05-23T17:58:42+00:00\",\"dateModified\":\"2026-01-05T22:00:25+00:00\",\"breadcrumb\":{\"@id\":\"https:\/\/www.onpoint.ee\/en\/toode\/manguarvuti-onpoint-grinder-gold\/#breadcrumb\"},\"inLanguage\":\"en-US\",\"potentialAction\":[{\"@type\":\"ReadAction\",\"target\":[\"https:\/\/www.onpoint.ee\/en\/toode\/manguarvuti-onpoint-grinder-gold\/\"]}]},{\"@type\":\"ImageObject\",\"inLanguage\":\"en-US\",\"@id\":\"https:\/\/www.onpoint.ee\/en\/toode\/manguarvuti-onpoint-grinder-gold\/#primaryimage\",\"url\":\"https:\/\/www.onpoint.ee\/wp-content\/uploads\/2024\/05\/Pop_ATX_Air_RGB_Orange_TGC_1-Front-Left-v1-810x810-1.webp\",\"contentUrl\":\"https:\/\/www.onpoint.ee\/wp-content\/uploads\/2024\/05\/Pop_ATX_Air_RGB_Orange_TGC_1-Front-Left-v1-810x810-1.webp\",\"width\":810,\"height\":810},{\"@type\":\"BreadcrumbList\",\"@id\":\"https:\/\/www.onpoint.ee\/en\/toode\/manguarvuti-onpoint-grinder-gold\/#breadcrumb\",\"itemListElement\":[{\"@type\":\"ListItem\",\"position\":1,\"name\":\"Home\",\"item\":\"https:\/\/www.onpoint.ee\/en\/\"},{\"@type\":\"ListItem\",\"position\":2,\"name\":\"Pood\",\"item\":\"https:\/\/www.onpoint.ee\/pood\/\"},{\"@type\":\"ListItem\",\"position\":3,\"name\":\"M\u00e4nguarvuti Grinder Gold Intel i5 14400F RTX 3050 DDR5-32GB...\"}]},{\"@type\":\"WebSite\",\"@id\":\"https:\/\/www.onpoint.ee\/en\/#website\",\"url\":\"https:\/\/www.onpoint.ee\/en\/\",\"name\":\"onPoint\",\"description\":\"M\u00e4nguarvutid\",\"publisher\":{\"@id\":\"https:\/\/www.onpoint.ee\/en\/#organization\"},\"potentialAction\":[{\"@type\":\"SearchAction\",\"target\":{\"@type\":\"EntryPoint\",\"urlTemplate\":\"https:\/\/www.onpoint.ee\/en\/?s={search_term_string}\"},\"query-input\":{\"@type\":\"PropertyValueSpecification\",\"valueRequired\":true,\"valueName\":\"search_term_string\"}}],\"inLanguage\":\"en-US\"},{\"@type\":\"Organization\",\"@id\":\"https:\/\/www.onpoint.ee\/en\/#organization\",\"name\":\"onPoint\",\"url\":\"https:\/\/www.onpoint.ee\/en\/\",\"logo\":{\"@type\":\"ImageObject\",\"inLanguage\":\"en-US\",\"@id\":\"https:\/\/www.onpoint.ee\/en\/#\/schema\/logo\/image\/\",\"url\":\"https:\/\/www.onpoint.ee\/wp-content\/uploads\/2020\/12\/onpoint.svg\",\"contentUrl\":\"https:\/\/www.onpoint.ee\/wp-content\/uploads\/2020\/12\/onpoint.svg\",\"width\":2464,\"height\":906,\"caption\":\"onPoint\"},\"image\":{\"@id\":\"https:\/\/www.onpoint.ee\/en\/#\/schema\/logo\/image\/\"}}]}<\/script>\n<!-- \/ Yoast SEO plugin. -->","yoast_head_json":{"title":"M\u00e4nguarvuti Grinder Gold Intel i5 14400F RTX 3050 DDR5-32GB RAM 1TB SSD Wifi Win 11 Home - onPoint","robots":{"index":"index","follow":"follow","max-snippet":"max-snippet:-1","max-image-preview":"max-image-preview:large","max-video-preview":"max-video-preview:-1"},"canonical":"https:\/\/www.onpoint.ee\/en\/toode\/manguarvuti-onpoint-grinder-gold\/","og_locale":"en_US","og_type":"article","og_title":"M\u00e4nguarvuti Grinder Gold Intel i5 14400F RTX 3050 DDR5-32GB RAM 1TB SSD Wifi Win 11 Home - onPoint","og_description":"Intel i5-14400F, NVIDIA GeForce RTX 3050, DDR5 32 GB RAM (2x16GB), 1TB M.2 NVMe, Windows 11 Home, WiFi \u00a0","og_url":"https:\/\/www.onpoint.ee\/en\/toode\/manguarvuti-onpoint-grinder-gold\/","og_site_name":"onPoint","article_modified_time":"2026-01-05T22:00:25+00:00","og_image":[{"width":810,"height":810,"url":"https:\/\/www.onpoint.ee\/wp-content\/uploads\/2024\/05\/Pop_ATX_Air_RGB_Orange_TGC_1-Front-Left-v1-810x810-1.webp","type":"image\/webp"}],"twitter_card":"summary_large_image","twitter_misc":{"Est. reading time":"1 minute"},"schema":{"@context":"https:\/\/schema.org","@graph":[{"@type":["WebPage","ItemPage"],"@id":"https:\/\/www.onpoint.ee\/en\/toode\/manguarvuti-onpoint-grinder-gold\/","url":"https:\/\/www.onpoint.ee\/en\/toode\/manguarvuti-onpoint-grinder-gold\/","name":"M\u00e4nguarvuti Grinder Gold Intel i5 14400F RTX 3050 DDR5-32GB RAM 1TB SSD Wifi Win 11 Home - onPoint","isPartOf":{"@id":"https:\/\/www.onpoint.ee\/en\/#website"},"primaryImageOfPage":{"@id":"https:\/\/www.onpoint.ee\/en\/toode\/manguarvuti-onpoint-grinder-gold\/#primaryimage"},"image":{"@id":"https:\/\/www.onpoint.ee\/en\/toode\/manguarvuti-onpoint-grinder-gold\/#primaryimage"},"thumbnailUrl":"https:\/\/www.onpoint.ee\/wp-content\/uploads\/2024\/05\/Pop_ATX_Air_RGB_Orange_TGC_1-Front-Left-v1-810x810-1.webp","datePublished":"2024-05-23T17:58:42+00:00","dateModified":"2026-01-05T22:00:25+00:00","breadcrumb":{"@id":"https:\/\/www.onpoint.ee\/en\/toode\/manguarvuti-onpoint-grinder-gold\/#breadcrumb"},"inLanguage":"en-US","potentialAction":[{"@type":"ReadAction","target":["https:\/\/www.onpoint.ee\/en\/toode\/manguarvuti-onpoint-grinder-gold\/"]}]},{"@type":"ImageObject","inLanguage":"en-US","@id":"https:\/\/www.onpoint.ee\/en\/toode\/manguarvuti-onpoint-grinder-gold\/#primaryimage","url":"https:\/\/www.onpoint.ee\/wp-content\/uploads\/2024\/05\/Pop_ATX_Air_RGB_Orange_TGC_1-Front-Left-v1-810x810-1.webp","contentUrl":"https:\/\/www.onpoint.ee\/wp-content\/uploads\/2024\/05\/Pop_ATX_Air_RGB_Orange_TGC_1-Front-Left-v1-810x810-1.webp","width":810,"height":810},{"@type":"BreadcrumbList","@id":"https:\/\/www.onpoint.ee\/en\/toode\/manguarvuti-onpoint-grinder-gold\/#breadcrumb","itemListElement":[{"@type":"ListItem","position":1,"name":"Home","item":"https:\/\/www.onpoint.ee\/en\/"},{"@type":"ListItem","position":2,"name":"Pood","item":"https:\/\/www.onpoint.ee\/pood\/"},{"@type":"ListItem","position":3,"name":"M\u00e4nguarvuti Grinder Gold Intel i5 14400F RTX 3050 DDR5-32GB..."}]},{"@type":"WebSite","@id":"https:\/\/www.onpoint.ee\/en\/#website","url":"https:\/\/www.onpoint.ee\/en\/","name":"onPoint","description":"M\u00e4nguarvutid","publisher":{"@id":"https:\/\/www.onpoint.ee\/en\/#organization"},"potentialAction":[{"@type":"SearchAction","target":{"@type":"EntryPoint","urlTemplate":"https:\/\/www.onpoint.ee\/en\/?s={search_term_string}"},"query-input":{"@type":"PropertyValueSpecification","valueRequired":true,"valueName":"search_term_string"}}],"inLanguage":"en-US"},{"@type":"Organization","@id":"https:\/\/www.onpoint.ee\/en\/#organization","name":"onPoint","url":"https:\/\/www.onpoint.ee\/en\/","logo":{"@type":"ImageObject","inLanguage":"en-US","@id":"https:\/\/www.onpoint.ee\/en\/#\/schema\/logo\/image\/","url":"https:\/\/www.onpoint.ee\/wp-content\/uploads\/2020\/12\/onpoint.svg","contentUrl":"https:\/\/www.onpoint.ee\/wp-content\/uploads\/2020\/12\/onpoint.svg","width":2464,"height":906,"caption":"onPoint"},"image":{"@id":"https:\/\/www.onpoint.ee\/en\/#\/schema\/logo\/image\/"}}]}},"_links":{"self":[{"href":"https:\/\/www.onpoint.ee\/en\/wp-json\/wp\/v2\/product\/16244","targetHints":{"allow":["GET"]}}],"collection":[{"href":"https:\/\/www.onpoint.ee\/en\/wp-json\/wp\/v2\/product"}],"about":[{"href":"https:\/\/www.onpoint.ee\/en\/wp-json\/wp\/v2\/types\/product"}],"version-history":[{"count":0,"href":"https:\/\/www.onpoint.ee\/en\/wp-json\/wp\/v2\/product\/16244\/revisions"}],"wp:featuredmedia":[{"embeddable":true,"href":"https:\/\/www.onpoint.ee\/en\/wp-json\/wp\/v2\/media\/799428"}],"wp:attachment":[{"href":"https:\/\/www.onpoint.ee\/en\/wp-json\/wp\/v2\/media?parent=16244"}],"wp:term":[{"taxonomy":"product_brand","embeddable":true,"href":"https:\/\/www.onpoint.ee\/en\/wp-json\/wp\/v2\/product_brand?post=16244"},{"taxonomy":"product_cat","embeddable":true,"href":"https:\/\/www.onpoint.ee\/en\/wp-json\/wp\/v2\/product_cat?post=16244"},{"taxonomy":"product_tag","embeddable":true,"href":"https:\/\/www.onpoint.ee\/en\/wp-json\/wp\/v2\/product_tag?post=16244"}],"curies":[{"name":"wp","href":"https:\/\/api.w.org\/{rel}","templated":true}]}}